{"id":4099,"date":"2021-04-05T14:26:26","date_gmt":"2021-04-05T17:26:26","guid":{"rendered":"https:\/\/estudiocl.com\/inicio\/?page_id=4099"},"modified":"2021-04-09T11:02:08","modified_gmt":"2021-04-09T14:02:08","slug":"penalistasalta","status":"publish","type":"page","link":"https:\/\/estudiocl.com\/inicio\/penalistasalta\/","title":{"rendered":"Derecho Penal Salta"},"content":{"rendered":"\r\n<div class=\"wp-block-group\">\r\n<div class=\"wp-block-group__inner-container is-layout-flow wp-block-group-is-layout-flow\">\r\n<p><span style=\"vertical-align: inherit;\"><span style=\"vertical-align: inherit;\"><span style=\"vertical-align: inherit;\"><span style=\"vertical-align: inherit;\"><span style=\"vertical-align: inherit;\"><span style=\"vertical-align: inherit;\"><div class=\"mp-span12 motopress-clmn\"><\/div><\/span><\/span><\/span><\/span><\/span><\/span><\/p>\r\n\r\n\r\n\r\n<h2 class=\"has-text-align-center wp-block-heading\">ABOGADOS <strong>PENALISTAS\u00a0<\/strong>en SALTA<\/h2>\r\n\r\n\r\n\r\n<h3 class=\"wp-block-heading\"><span style=\"vertical-align: inherit;\"><span style=\"vertical-align: inherit;\"><span style=\"vertical-align: inherit;\"><span style=\"vertical-align: inherit;\"><div class=\"sm_hr\"><\/div><!-- .sm_hr (end) --><\/span><\/span><\/span><\/span><\/h3>\r\n\r\n\r\n\r\n<h3 class=\"has-text-align-center wp-block-heading\">Abogado del \u00c1rea Penal - Estudio Jur\u00eddico Penal:<\/h3>\r\n\r\n\r\n\r\n<h2 class=\"has-text-align-center wp-block-heading\" style=\"text-align: center;\"><strong><span style=\"vertical-align: inherit;\"><span style=\"vertical-align: inherit;\"><span style=\"vertical-align: inherit;\"><span style=\"vertical-align: inherit;\"><span style=\"vertical-align: inherit;\"><span style=\"vertical-align: inherit;\">Dr. Andr\u00e9s Giordamachi<\/span><\/span><\/span><\/span><\/span><\/span><\/strong><\/h2>\r\n\r\n\r\n\r\n\r\n\r\n<h3 class=\"wp-block-heading\"><a href=\"https:\/\/estudiocl.com\/inicio\/wp-content\/uploads\/2021\/04\/Andres-Giordamachi.jpg\"><img fetchpriority=\"high\" decoding=\"async\" class=\"aligncenter  wp-image-4108\" src=\"https:\/\/estudiocl.com\/inicio\/wp-content\/uploads\/2021\/04\/Andres-Giordamachi-150x150.jpg\" alt=\"\" width=\"296\" height=\"296\" \/><\/a><\/h3>\r\n<h3><span style=\"vertical-align: inherit;\"><span style=\"vertical-align: inherit;\"><span style=\"vertical-align: inherit;\"><span style=\"vertical-align: inherit;\"><div class=\"sm_hr\"><\/div><!-- .sm_hr (end) --><\/span><\/span><\/span><\/span><\/h3>\r\n\r\n\r\n\r\n<p><span style=\"vertical-align: inherit;\"><span style=\"vertical-align: inherit;\"><span style=\"vertical-align: inherit;\"><span style=\"vertical-align: inherit;\"><div class=\"support-box\"><div class=\"row\"><span class=\"title span3\">Obtenga respuesta a su consulta legal:<\/span><span class=\"phone span4\"><span class=\"phone-title\">llame al tel\u00e9fono:<\/span><span class=\"phone-num\">(387) 2206063<\/span><\/span><span class=\"span2\"><span class=\"operation-time\">Atenci\u00f3n por Urgencias<\/span><\/span><a href=\"http:\/\/estudiocl.com\/inicio\/contacts\/\" class=\"link span3\"><span class=\"inner\"><strong>24\/7<\/strong><small><\/small><\/span><\/a><\/div><\/div> <div class=\"row \"><\/div><!-- .row (end) --> <div class=\"span12 \"><\/div><\/span><\/span><\/span><\/span><\/p>\r\n\r\n\r\n\r\n<h2 class=\"wp-block-heading\"><span style=\"vertical-align: inherit;\"><span style=\"vertical-align: inherit;\"><div class=\"sm_hr\"><\/div><!-- .sm_hr (end) --><\/span><\/span><\/h2>\r\n\r\n\r\n\r\n<h2 class=\"has-text-align-center wp-block-heading\"><strong>Defensas Penales\u00a0 <\/strong><strong>Violencia Familiar\u00a0 <\/strong><strong>Detenciones <\/strong><strong>Prisi\u00f3n Preventiva <\/strong><strong>Apelaciones y Recursos Penales <\/strong><strong>Querellas <\/strong><strong>Defensas espec\u00edficas por Homicidios Robos Hurtos Estafas Apremios Ilegales <\/strong><strong>Cibercrimen <\/strong><strong>Ley de Estupefacientes<\/strong><\/h2>\r\n\r\n\r\n\r\n<h2 class=\"has-text-align-center wp-block-heading\">SALTA CAPITAL Y PROVINCIA<\/h2>\r\n\r\n\r\n\r\n<figure class=\"wp-block-video\"><\/figure>\r\n\r\n\r\n\r\n\r\n\r\n<h2 class=\"has-text-align-center wp-block-heading\"><div class=\"clear\"><\/div><!-- .clear (end) --><\/h2>\r\n\r\n\r\n\r\n<h2 class=\"has-text-align-center wp-block-heading\">Defensas en Toda la Provincia de SALTA<\/h2>\r\n\r\n\r\n\r\n\r\n\r\n<h2 class=\"has-text-align-center wp-block-heading\"><div class=\"clear\"><\/div><!-- .clear (end) --><\/h2>\r\n\r\n\r\n\r\n<h2 class=\"has-text-align-center wp-block-heading\"><strong>Urgencias<\/strong><\/h2>\r\n\r\n\r\n\r\n<h2 class=\"has-text-align-center wp-block-heading\"><div class=\"clear\"><\/div><!-- .clear (end) --><\/h2>\r\n\r\n\r\n\r\n<h2 class=\"has-text-align-center wp-block-heading\"><strong>387 220-6063<\/strong><\/h2>\r\n\r\n\r\n\r\n<h2 class=\"has-text-align-center wp-block-heading\"><div class=\"clear\"><\/div><!-- .clear (end) --><\/h2>\r\n\r\n\r\n\r\n<h2 class=\"has-text-align-center wp-block-heading\"><div id=\"metaslider-id-3080\" style=\"max-width: 700px; margin: 0 auto;\" class=\"ml-slider-3-109-0 metaslider metaslider-nivo metaslider-3080 ml-slider has-dots-nav ms-theme-default\" role=\"region\" aria-label=\"New Slideshow\" data-height=\"300\" data-width=\"700\">\n    <div id=\"metaslider_container_3080\">\n        <div class='slider-wrapper theme-default'><div class='ribbon'><\/div><div id='metaslider_3080' class='nivoSlider'><img decoding=\"async\" src=\"https:\/\/estudiocl.com\/inicio\/wp-content\/uploads\/2018\/10\/Novedades-700x300.png\" height=\"300\" width=\"700\" title=\"Novedades\" alt=\"\" class=\"slider-3080 slide-3086 msDefaultImage\" \/><img decoding=\"async\" src=\"https:\/\/estudiocl.com\/inicio\/wp-content\/uploads\/2018\/10\/abogados-penalistas-lacl\u00e9-700x300.jpeg\" height=\"300\" width=\"700\" title=\"abogados penalistas lacl\u00e9\" alt=\"abogados penalistas lacl\u00e92\" class=\"slider-3080 slide-3241 msDefaultImage\" \/><img loading=\"lazy\" decoding=\"async\" src=\"https:\/\/estudiocl.com\/inicio\/wp-content\/uploads\/2018\/10\/Novedades-700x300.png\" height=\"300\" width=\"700\" title=\"Novedades\" alt=\"\" class=\"slider-3080 slide-3237 msDefaultImage\" \/><img loading=\"lazy\" decoding=\"async\" src=\"https:\/\/estudiocl.com\/inicio\/wp-content\/uploads\/2018\/10\/abogados-penalistas-lacl\u00e92-700x300.jpeg\" height=\"300\" width=\"700\" title=\"abogados penalistas lacl\u00e92\" alt=\"abogados penalsitas22\" class=\"slider-3080 slide-3242 msDefaultImage\" \/><\/div><\/div>\n        \n    <\/div>\n<\/div><\/h2>\r\n\r\n\r\n\r\n\r\n\r\n\r\n\r\n\r\n\r\n<h2 class=\"wp-block-heading\"><span style=\"vertical-align: inherit;\"><span style=\"vertical-align: inherit;\"><div class=\"sm_hr\"><\/div><!-- .sm_hr (end) --><\/span><\/span><\/h2>\r\n\r\n\r\n\r\n<h2 class=\"wp-block-heading\"><span style=\"vertical-align: inherit;\">Formulario de Contacto \"Abogados Penalistas en Salta\"<\/span><\/h2>\r\n\r\n\r\n\n<div class=\"wpcf7 no-js\" id=\"wpcf7-f3033-o1\" lang=\"es-ES\" dir=\"ltr\" data-wpcf7-id=\"3033\">\n<div class=\"screen-reader-response\"><p role=\"status\" aria-live=\"polite\" aria-atomic=\"true\"><\/p> <ul><\/ul><\/div>\n<form action=\"\/inicio\/wp-json\/wp\/v2\/pages\/4099#wpcf7-f3033-o1\" method=\"post\" class=\"wpcf7-form init\" aria-label=\"Formulario de contacto\" novalidate=\"novalidate\" data-status=\"init\">\n<fieldset class=\"hidden-fields-container\"><input type=\"hidden\" name=\"_wpcf7\" value=\"3033\" \/><input type=\"hidden\" name=\"_wpcf7_version\" value=\"6.1.6\" \/><input type=\"hidden\" name=\"_wpcf7_locale\" value=\"es_ES\" \/><input type=\"hidden\" name=\"_wpcf7_unit_tag\" value=\"wpcf7-f3033-o1\" \/><input type=\"hidden\" name=\"_wpcf7_container_post\" value=\"0\" \/><input type=\"hidden\" name=\"_wpcf7_posted_data_hash\" value=\"\" \/><input type=\"hidden\" name=\"_wpcf7_recaptcha_response\" value=\"\" \/>\n<\/fieldset>\n<font size=3 color=#000000> Nombre y Apellido\n<\/font>\n<p><span class=\"wpcf7-form-control-wrap\" data-name=\"your-name\"><input size=\"40\" maxlength=\"400\" class=\"wpcf7-form-control wpcf7-text wpcf7-validates-as-required\" aria-required=\"true\" aria-invalid=\"false\" value=\"\" type=\"text\" name=\"your-name\" \/><\/span>\n<\/p>\n<p>\n\t<font size=3 color=#000000> Mail\n\t<\/font>\n<\/p>\n<p><span class=\"wpcf7-form-control-wrap\" data-name=\"your-email\"><input size=\"40\" maxlength=\"400\" class=\"wpcf7-form-control wpcf7-email wpcf7-validates-as-required wpcf7-text wpcf7-validates-as-email\" aria-required=\"true\" aria-invalid=\"false\" value=\"\" type=\"email\" name=\"your-email\" \/><\/span>\n<\/p>\n<p>\n\t<font size=3 color=#000000> Tel\u00e9fono\n\t<\/font>\n<\/p>\n<p><span class=\"wpcf7-form-control-wrap\" data-name=\"telefono\"><input size=\"40\" maxlength=\"400\" class=\"wpcf7-form-control wpcf7-tel wpcf7-text wpcf7-validates-as-tel\" aria-invalid=\"false\" value=\"\" type=\"tel\" name=\"telefono\" \/><\/span>\n<\/p>\n<p>\n\t<font size=3 color=#000000> Consulta\n\t<\/font>\n<\/p>\n<p><span class=\"wpcf7-form-control-wrap\" data-name=\"your-message\"><textarea cols=\"40\" rows=\"10\" maxlength=\"2000\" class=\"wpcf7-form-control wpcf7-textarea\" aria-invalid=\"false\" name=\"your-message\"><\/textarea><\/span>\n<\/p>\n<p><input class=\"wpcf7-form-control wpcf7-submit has-spinner\" type=\"submit\" value=\"Enviar\" \/>\n<\/p><p style=\"display: none !important;\" class=\"akismet-fields-container\" data-prefix=\"_wpcf7_ak_\"><label>&#916;<textarea name=\"_wpcf7_ak_hp_textarea\" cols=\"45\" rows=\"8\" maxlength=\"100\"><\/textarea><\/label><input type=\"hidden\" id=\"ak_js_1\" name=\"_wpcf7_ak_js\" value=\"70\"\/><script type=\"text\/javascript\">\n\/* <![CDATA[ *\/\ndocument.getElementById( \"ak_js_1\" ).setAttribute( \"value\", ( new Date() ).getTime() );\n\/* ]]> *\/\n<\/script>\n<\/p><input type='hidden' class='wpcf7-pum' value='{\"closepopup\":false,\"closedelay\":0,\"openpopup\":true,\"openpopup_id\":2663}' \/><div class=\"wpcf7-response-output\" aria-hidden=\"true\"><\/div>\n<\/form>\n<\/div>\n\n\r\n\r\n\r\n<h2 class=\"wp-block-heading\"><span style=\"vertical-align: inherit;\"><span style=\"vertical-align: inherit;\"><div class=\"sm_hr\"><\/div><!-- .sm_hr (end) --><\/span><\/span><\/h2>\r\n<\/div>\r\n<\/div>\r\n","protected":false},"excerpt":{"rendered":"ABOGADOS PENALISTAS\u00a0en SALTA Abogado del \u00c1rea Penal - Estudio Jur\u00eddico Penal: Dr. Andr\u00e9s Giordamachi Defensas Penales\u00a0 Violencia Familiar\u00a0 Detenciones Prisi\u00f3n Preventiva Apelaciones y Recursos Penales Querellas Defensas espec\u00edficas por Homicidios Robos Hurtos Estafas Apremios Ilegales Cibercrimen Ley de Estupefacientes SALTA CAPITAL Y PROVINCIA Defensas en Toda la Provincia de SALTA Urgencias 387 220-6063 Formulario de Contacto \"Abogados Penalistas en Salta\"","protected":false},"author":2,"featured_media":0,"parent":0,"menu_order":0,"comment_status":"closed","ping_status":"closed","template":"page-home.php","meta":{"footnotes":""},"class_list":["post-4099","page","type-page","status-publish","hentry"],"yoast_head":"<!-- This site is optimized with the Yoast SEO plugin v27.6 - https:\/\/yoast.com\/product\/yoast-seo-wordpress\/ -->\n<title>Dres. Tuninetti y Giordamachi - Abogados Especialistas en Derecho Penal<\/title>\n<meta name=\"description\" content=\"Lacl\u00e9 - ABOGADOS PENALISTAS\u00a0en SALTA- Dr. Andr\u00e9s Giordamachi - Tel\u00e9fono - Todas las Defensas - Atenci\u00f3n por Urgencias - Excarcelaciones - Intervenci\u00f3n Inmediata - Apelaciones y Recursos - Violencia Familiar - Estafas - Robos - Delitos Econ\u00f3micos\" \/>\n<meta name=\"robots\" content=\"index, follow, max-snippet:-1, max-image-preview:large, max-video-preview:-1\" \/>\n<link rel=\"canonical\" href=\"https:\/\/estudiocl.com\/inicio\/penalistasalta\/\" \/>\n<meta property=\"og:locale\" content=\"es_ES\" \/>\n<meta property=\"og:type\" content=\"article\" \/>\n<meta property=\"og:title\" content=\"Dres. Tuninetti y Giordamachi - Abogados Especialistas en Derecho Penal\" \/>\n<meta property=\"og:description\" content=\"Lacl\u00e9 - ABOGADOS PENALISTAS\u00a0en SALTA- Dr. Andr\u00e9s Giordamachi - Tel\u00e9fono - Todas las Defensas - Atenci\u00f3n por Urgencias - Excarcelaciones - Intervenci\u00f3n Inmediata - Apelaciones y Recursos - Violencia Familiar - Estafas - Robos - Delitos Econ\u00f3micos\" \/>\n<meta property=\"og:url\" content=\"https:\/\/estudiocl.com\/inicio\/penalistasalta\/\" \/>\n<meta property=\"og:site_name\" content=\"Abogados en C\u00f3rdoba\" \/>\n<meta property=\"article:modified_time\" content=\"2021-04-09T14:02:08+00:00\" \/>\n<meta property=\"og:image\" content=\"https:\/\/estudiocl.com\/inicio\/wp-content\/uploads\/2021\/04\/Andres-Giordamachi-150x150.jpg\" \/>\n<meta name=\"twitter:card\" content=\"summary_large_image\" \/>\n<meta name=\"twitter:label1\" content=\"Tiempo de lectura\" \/>\n\t<meta name=\"twitter:data1\" content=\"1 minuto\" \/>\n<script type=\"application\/ld+json\" class=\"yoast-schema-graph\">{\"@context\":\"https:\\\/\\\/schema.org\",\"@graph\":[{\"@type\":\"WebPage\",\"@id\":\"https:\\\/\\\/estudiocl.com\\\/inicio\\\/penalistasalta\\\/\",\"url\":\"https:\\\/\\\/estudiocl.com\\\/inicio\\\/penalistasalta\\\/\",\"name\":\"Dres. Tuninetti y Giordamachi - Abogados Especialistas en Derecho Penal\",\"isPartOf\":{\"@id\":\"https:\\\/\\\/estudiocl.com\\\/inicio\\\/#website\"},\"primaryImageOfPage\":{\"@id\":\"https:\\\/\\\/estudiocl.com\\\/inicio\\\/penalistasalta\\\/#primaryimage\"},\"image\":{\"@id\":\"https:\\\/\\\/estudiocl.com\\\/inicio\\\/penalistasalta\\\/#primaryimage\"},\"thumbnailUrl\":\"https:\\\/\\\/estudiocl.com\\\/inicio\\\/wp-content\\\/uploads\\\/2021\\\/04\\\/Andres-Giordamachi-150x150.jpg\",\"datePublished\":\"2021-04-05T17:26:26+00:00\",\"dateModified\":\"2021-04-09T14:02:08+00:00\",\"description\":\"Lacl\u00e9 - ABOGADOS PENALISTAS\u00a0en SALTA- Dr. Andr\u00e9s Giordamachi - Tel\u00e9fono - Todas las Defensas - Atenci\u00f3n por Urgencias - Excarcelaciones - Intervenci\u00f3n Inmediata - Apelaciones y Recursos - Violencia Familiar - Estafas - Robos - Delitos Econ\u00f3micos\",\"breadcrumb\":{\"@id\":\"https:\\\/\\\/estudiocl.com\\\/inicio\\\/penalistasalta\\\/#breadcrumb\"},\"inLanguage\":\"es\",\"potentialAction\":[{\"@type\":\"ReadAction\",\"target\":[\"https:\\\/\\\/estudiocl.com\\\/inicio\\\/penalistasalta\\\/\"]}]},{\"@type\":\"ImageObject\",\"inLanguage\":\"es\",\"@id\":\"https:\\\/\\\/estudiocl.com\\\/inicio\\\/penalistasalta\\\/#primaryimage\",\"url\":\"https:\\\/\\\/estudiocl.com\\\/inicio\\\/wp-content\\\/uploads\\\/2021\\\/04\\\/Andres-Giordamachi-150x150.jpg\",\"contentUrl\":\"https:\\\/\\\/estudiocl.com\\\/inicio\\\/wp-content\\\/uploads\\\/2021\\\/04\\\/Andres-Giordamachi-150x150.jpg\"},{\"@type\":\"BreadcrumbList\",\"@id\":\"https:\\\/\\\/estudiocl.com\\\/inicio\\\/penalistasalta\\\/#breadcrumb\",\"itemListElement\":[{\"@type\":\"ListItem\",\"position\":1,\"name\":\"Portada\",\"item\":\"https:\\\/\\\/estudiocl.com\\\/inicio\\\/\"},{\"@type\":\"ListItem\",\"position\":2,\"name\":\"Derecho Penal Salta\"}]},{\"@type\":\"WebSite\",\"@id\":\"https:\\\/\\\/estudiocl.com\\\/inicio\\\/#website\",\"url\":\"https:\\\/\\\/estudiocl.com\\\/inicio\\\/\",\"name\":\"Abogados en C\u00f3rdoba\",\"description\":\"Lacl\u00e9 Abogados en C\u00f3rdoba - Estudio Jur\u00eddico en C\u00f3rdoba\",\"potentialAction\":[{\"@type\":\"SearchAction\",\"target\":{\"@type\":\"EntryPoint\",\"urlTemplate\":\"https:\\\/\\\/estudiocl.com\\\/inicio\\\/?s={search_term_string}\"},\"query-input\":{\"@type\":\"PropertyValueSpecification\",\"valueRequired\":true,\"valueName\":\"search_term_string\"}}],\"inLanguage\":\"es\"}]}<\/script>\n<!-- \/ Yoast SEO plugin. -->","yoast_head_json":{"title":"Dres. Tuninetti y Giordamachi - Abogados Especialistas en Derecho Penal","description":"Lacl\u00e9 - ABOGADOS PENALISTAS\u00a0en SALTA- Dr. Andr\u00e9s Giordamachi - Tel\u00e9fono - Todas las Defensas - Atenci\u00f3n por Urgencias - Excarcelaciones - Intervenci\u00f3n Inmediata - Apelaciones y Recursos - Violencia Familiar - Estafas - Robos - Delitos Econ\u00f3micos","robots":{"index":"index","follow":"follow","max-snippet":"max-snippet:-1","max-image-preview":"max-image-preview:large","max-video-preview":"max-video-preview:-1"},"canonical":"https:\/\/estudiocl.com\/inicio\/penalistasalta\/","og_locale":"es_ES","og_type":"article","og_title":"Dres. Tuninetti y Giordamachi - Abogados Especialistas en Derecho Penal","og_description":"Lacl\u00e9 - ABOGADOS PENALISTAS\u00a0en SALTA- Dr. Andr\u00e9s Giordamachi - Tel\u00e9fono - Todas las Defensas - Atenci\u00f3n por Urgencias - Excarcelaciones - Intervenci\u00f3n Inmediata - Apelaciones y Recursos - Violencia Familiar - Estafas - Robos - Delitos Econ\u00f3micos","og_url":"https:\/\/estudiocl.com\/inicio\/penalistasalta\/","og_site_name":"Abogados en C\u00f3rdoba","article_modified_time":"2021-04-09T14:02:08+00:00","og_image":[{"url":"https:\/\/estudiocl.com\/inicio\/wp-content\/uploads\/2021\/04\/Andres-Giordamachi-150x150.jpg","type":"","width":"","height":""}],"twitter_card":"summary_large_image","twitter_misc":{"Tiempo de lectura":"1 minuto"},"schema":{"@context":"https:\/\/schema.org","@graph":[{"@type":"WebPage","@id":"https:\/\/estudiocl.com\/inicio\/penalistasalta\/","url":"https:\/\/estudiocl.com\/inicio\/penalistasalta\/","name":"Dres. Tuninetti y Giordamachi - Abogados Especialistas en Derecho Penal","isPartOf":{"@id":"https:\/\/estudiocl.com\/inicio\/#website"},"primaryImageOfPage":{"@id":"https:\/\/estudiocl.com\/inicio\/penalistasalta\/#primaryimage"},"image":{"@id":"https:\/\/estudiocl.com\/inicio\/penalistasalta\/#primaryimage"},"thumbnailUrl":"https:\/\/estudiocl.com\/inicio\/wp-content\/uploads\/2021\/04\/Andres-Giordamachi-150x150.jpg","datePublished":"2021-04-05T17:26:26+00:00","dateModified":"2021-04-09T14:02:08+00:00","description":"Lacl\u00e9 - ABOGADOS PENALISTAS\u00a0en SALTA- Dr. Andr\u00e9s Giordamachi - Tel\u00e9fono - Todas las Defensas - Atenci\u00f3n por Urgencias - Excarcelaciones - Intervenci\u00f3n Inmediata - Apelaciones y Recursos - Violencia Familiar - Estafas - Robos - Delitos Econ\u00f3micos","breadcrumb":{"@id":"https:\/\/estudiocl.com\/inicio\/penalistasalta\/#breadcrumb"},"inLanguage":"es","potentialAction":[{"@type":"ReadAction","target":["https:\/\/estudiocl.com\/inicio\/penalistasalta\/"]}]},{"@type":"ImageObject","inLanguage":"es","@id":"https:\/\/estudiocl.com\/inicio\/penalistasalta\/#primaryimage","url":"https:\/\/estudiocl.com\/inicio\/wp-content\/uploads\/2021\/04\/Andres-Giordamachi-150x150.jpg","contentUrl":"https:\/\/estudiocl.com\/inicio\/wp-content\/uploads\/2021\/04\/Andres-Giordamachi-150x150.jpg"},{"@type":"BreadcrumbList","@id":"https:\/\/estudiocl.com\/inicio\/penalistasalta\/#breadcrumb","itemListElement":[{"@type":"ListItem","position":1,"name":"Portada","item":"https:\/\/estudiocl.com\/inicio\/"},{"@type":"ListItem","position":2,"name":"Derecho Penal Salta"}]},{"@type":"WebSite","@id":"https:\/\/estudiocl.com\/inicio\/#website","url":"https:\/\/estudiocl.com\/inicio\/","name":"Abogados en C\u00f3rdoba","description":"Lacl\u00e9 Abogados en C\u00f3rdoba - Estudio Jur\u00eddico en C\u00f3rdoba","potentialAction":[{"@type":"SearchAction","target":{"@type":"EntryPoint","urlTemplate":"https:\/\/estudiocl.com\/inicio\/?s={search_term_string}"},"query-input":{"@type":"PropertyValueSpecification","valueRequired":true,"valueName":"search_term_string"}}],"inLanguage":"es"}]}},"_links":{"self":[{"href":"https:\/\/estudiocl.com\/inicio\/wp-json\/wp\/v2\/pages\/4099","targetHints":{"allow":["GET"]}}],"collection":[{"href":"https:\/\/estudiocl.com\/inicio\/wp-json\/wp\/v2\/pages"}],"about":[{"href":"https:\/\/estudiocl.com\/inicio\/wp-json\/wp\/v2\/types\/page"}],"author":[{"embeddable":true,"href":"https:\/\/estudiocl.com\/inicio\/wp-json\/wp\/v2\/users\/2"}],"replies":[{"embeddable":true,"href":"https:\/\/estudiocl.com\/inicio\/wp-json\/wp\/v2\/comments?post=4099"}],"version-history":[{"count":5,"href":"https:\/\/estudiocl.com\/inicio\/wp-json\/wp\/v2\/pages\/4099\/revisions"}],"predecessor-version":[{"id":4105,"href":"https:\/\/estudiocl.com\/inicio\/wp-json\/wp\/v2\/pages\/4099\/revisions\/4105"}],"wp:attachment":[{"href":"https:\/\/estudiocl.com\/inicio\/wp-json\/wp\/v2\/media?parent=4099"}],"curies":[{"name":"wp","href":"https:\/\/api.w.org\/{rel}","templated":true}]}}