{"id":3475,"date":"2019-06-12T17:52:17","date_gmt":"2019-06-12T17:52:17","guid":{"rendered":"http:\/\/estudiocl.com\/inicio\/?page_id=3475"},"modified":"2019-06-12T17:59:05","modified_gmt":"2019-06-12T17:59:05","slug":"contadores-salta","status":"publish","type":"page","link":"https:\/\/estudiocl.com\/inicio\/contadores-salta\/","title":{"rendered":"Estudio Contable Salta"},"content":{"rendered":"<p><span style=\"vertical-align: inherit;\"><\/p>\n<div class=\"mp-span12 motopress-clmn\"><\/div>\n<p><\/span><\/p>\n<h1 style=\"text-align: center;\"><strong>Estudio Contable en Salta<\/strong><\/h1>\n<h3><span style=\"vertical-align: inherit;\"><div class=\"sm_hr\"><\/div><!-- .sm_hr (end) --><\/span><\/h3>\n<h3 style=\"text-align: center;\">Gerente del \u00c1rea Estudio Contable:<\/h3>\n<h3 style=\"text-align: center;\"><strong><span style=\"vertical-align: inherit;\">Cr. Sylvain Leiva Dalmas<\/span><\/strong><\/h3>\n<h3 style=\"text-align: center;\"><strong>Cr.Emiliano Navarro Caballero<\/strong><\/h3>\n<h3><span style=\"vertical-align: inherit;\"><div class=\"sm_hr\"><\/div><!-- .sm_hr (end) --><\/span><\/h3>\n<p><span style=\"vertical-align: inherit;\"><div class=\"support-box\"><div class=\"row\"><span class=\"title span3\">Obtenga respuesta a su consulta:<\/span><span class=\"phone span4\"><span class=\"phone-title\">llame al tel\u00e9fono:<\/span><span class=\"phone-num\">(387) 5005781<\/span><\/span><span class=\"span2\"><span class=\"operation-time\">Estudio Contable<\/span><\/span><a href=\"http:\/\/estudiocl.com\/inicio\/contacts\/\" class=\"link span3\"><span class=\"inner\"><strong>Turnos<\/strong><small><\/small><\/span><\/a><\/div><\/div> <div class=\"row \"><\/div><!-- .row (end) --> <div class=\"span12 \"><\/div><\/span><\/p>\n<p style=\"text-align: center;\"><div class=\"span3 \"><h2><a href=\"http:\/\/estudiocl.com\/inicio\/wp-content\/uploads\/2018\/06\/Monotributo.png\"><img decoding=\"async\" class=\"wp-image-3114 size-full aligncenter\" src=\"http:\/\/estudiocl.com\/inicio\/wp-content\/uploads\/2018\/06\/Monotributo.png\" alt=\"monotributo\" width=\"300\" height=\"100\" \/><\/a><\/h2>\n<h2 style=\"text-align: center;\">Monotributistas<\/h2>\n<h3 style=\"text-align: center;\">Inscripci\u00f3n\/Adhesi\u00f3n\/Baja<\/h3>\n<h3 style=\"text-align: center;\">Recategorizaci\u00f3n<\/h3>\n<h3 style=\"text-align: center;\">Modificaci\u00f3n de datos<\/h3>\n<h3 style=\"text-align: center;\">Declaraciones Juradas<\/h3>\n<h3 style=\"text-align: center;\">Moratorias<\/h3>\n<h3 style=\"text-align: center;\">Facturaciones<\/h3>\n<p style=\"text-align: center;\"><\/div>\n<p style=\"text-align: center;\"><div class=\"span5 \"><h2><a href=\"http:\/\/estudiocl.com\/inicio\/wp-content\/uploads\/2018\/06\/Responsable-Inscripto.png\"><img decoding=\"async\" class=\" wp-image-3116 aligncenter\" src=\"http:\/\/estudiocl.com\/inicio\/wp-content\/uploads\/2018\/06\/Responsable-Inscripto.png\" alt=\"\" width=\"300\" height=\"100\" \/><\/a><\/h2>\n<h2 style=\"text-align: center;\">Responsables Inscriptos<\/h2>\n<h3 style=\"text-align: center;\">Adhesi\u00f3n<\/h3>\n<h3 style=\"text-align: center;\">Facturaci\u00f3n<\/h3>\n<h3 style=\"text-align: center;\">Bienes personales<\/h3>\n<h3 style=\"text-align: center;\">Iva\/Ganancias<\/h3>\n<h3 style=\"text-align: center;\">Ingresos Brutos<\/h3>\n<h3 style=\"text-align: center;\">Reg\u00edmenes de Informaci\u00f3n y Retenci\u00f3n<\/h3>\n<p style=\"text-align: center;\"><\/div>\n<p style=\"text-align: center;\"><div class=\"span3 \"><h2><a href=\"http:\/\/estudiocl.com\/inicio\/wp-content\/uploads\/2018\/06\/Empleadores.png\"><img decoding=\"async\" class=\"aligncenter wp-image-3117 \" src=\"http:\/\/estudiocl.com\/inicio\/wp-content\/uploads\/2018\/06\/Empleadores.png\" alt=\"empleadores\" width=\"300\" height=\"100\" \/><\/a><\/h2>\n<h2 style=\"text-align: center;\">Empleadores<\/h2>\n<h3 style=\"text-align: center;\">Inscripci\u00f3n<\/h3>\n<h3 style=\"text-align: center;\">Altas y bajas de trabajadores<\/h3>\n<h3 style=\"text-align: center;\">Liquidaci\u00f3n de sueldos y cargas sociales<\/h3>\n<h3 style=\"text-align: center;\">Registro de haberes<\/h3>\n<h3 style=\"text-align: center;\">Libro sueldos (Art. 52 LCT)<\/h3>\n<h3 style=\"text-align: center;\"><\/div><\/h3>\n<h2 style=\"text-align: center;\"><div class=\"clear\"><\/div><!-- .clear (end) --><\/h2>\n<h2 style=\"text-align: center;\"><b>CONSULTAS<\/b><\/h2>\n<h2 style=\"text-align: center;\"><div class=\"clear\"><\/div><!-- .clear (end) --><\/h2>\n<h2 style=\"text-align: center;\"><strong>(0387) 500-5781<\/strong><\/h2>\n<h2 style=\"text-align: center;\">Las Heras 1323 1\u00b0 piso Dpto 2<\/h2>\n<h2 style=\"text-align: center;\">Salta Capital<\/h2>\n<h2><span style=\"vertical-align: inherit;\"><div class=\"sm_hr\"><\/div><!-- .sm_hr (end) --><\/span><\/h2>\n<p><span style=\"vertical-align: inherit;\"><div class=\"google-map\"><iframe src=\"https:\/\/www.google.com\/maps\/embed?pb=!1m18!1m12!1m3!1d3622.6247287398523!2d-65.40346708530895!3d-24.77405278409476!2m3!1f0!2f0!3f0!3m2!1i1024!2i768!4f13.1!3m3!1m2!1s0x941bc3ebadcde577%3A0x8aac8b0c28aa7b79!2s1%C2%B0+piso+Dpto+2%2C+Las+Heras+1323%2C+Salta!5e0!3m2!1ses-419!2sar!4v1560361668124!5m2!1ses-419!2sar\" frameborder=\"0\" width=\"1200\" height=\"450\" marginwidth=\"0\" marginheight=\"0\" scrolling=\"no\"><\/iframe><\/div><\/span><\/p>\n<h2><span style=\"vertical-align: inherit;\"><div class=\"sm_hr\"><\/div><!-- .sm_hr (end) --><\/span><\/h2>\n<h2><span style=\"vertical-align: inherit;\">Formulario de Contacto \"Estudio Contable Salta - Contadores en Salta\"<\/span><\/h2>\n\n<div class=\"wpcf7 no-js\" id=\"wpcf7-f3033-o1\" lang=\"es-ES\" dir=\"ltr\" data-wpcf7-id=\"3033\">\n<div class=\"screen-reader-response\"><p role=\"status\" aria-live=\"polite\" aria-atomic=\"true\"><\/p> <ul><\/ul><\/div>\n<form action=\"\/inicio\/wp-json\/wp\/v2\/pages\/3475#wpcf7-f3033-o1\" method=\"post\" class=\"wpcf7-form init\" aria-label=\"Formulario de contacto\" novalidate=\"novalidate\" data-status=\"init\">\n<fieldset class=\"hidden-fields-container\"><input type=\"hidden\" name=\"_wpcf7\" value=\"3033\" \/><input type=\"hidden\" name=\"_wpcf7_version\" value=\"6.1.6\" \/><input type=\"hidden\" name=\"_wpcf7_locale\" value=\"es_ES\" \/><input type=\"hidden\" name=\"_wpcf7_unit_tag\" value=\"wpcf7-f3033-o1\" \/><input type=\"hidden\" name=\"_wpcf7_container_post\" value=\"0\" \/><input type=\"hidden\" name=\"_wpcf7_posted_data_hash\" value=\"\" \/><input type=\"hidden\" name=\"_wpcf7_recaptcha_response\" value=\"\" \/>\n<\/fieldset>\n<font size=3 color=#000000> Nombre y Apellido\n<\/font>\n<p><span class=\"wpcf7-form-control-wrap\" data-name=\"your-name\"><input size=\"40\" maxlength=\"400\" class=\"wpcf7-form-control wpcf7-text wpcf7-validates-as-required\" aria-required=\"true\" aria-invalid=\"false\" value=\"\" type=\"text\" name=\"your-name\" \/><\/span>\n<\/p>\n<p>\n\t<font size=3 color=#000000> Mail\n\t<\/font>\n<\/p>\n<p><span class=\"wpcf7-form-control-wrap\" data-name=\"your-email\"><input size=\"40\" maxlength=\"400\" class=\"wpcf7-form-control wpcf7-email wpcf7-validates-as-required wpcf7-text wpcf7-validates-as-email\" aria-required=\"true\" aria-invalid=\"false\" value=\"\" type=\"email\" name=\"your-email\" \/><\/span>\n<\/p>\n<p>\n\t<font size=3 color=#000000> Tel\u00e9fono\n\t<\/font>\n<\/p>\n<p><span class=\"wpcf7-form-control-wrap\" data-name=\"telefono\"><input size=\"40\" maxlength=\"400\" class=\"wpcf7-form-control wpcf7-tel wpcf7-text wpcf7-validates-as-tel\" aria-invalid=\"false\" value=\"\" type=\"tel\" name=\"telefono\" \/><\/span>\n<\/p>\n<p>\n\t<font size=3 color=#000000> Consulta\n\t<\/font>\n<\/p>\n<p><span class=\"wpcf7-form-control-wrap\" data-name=\"your-message\"><textarea cols=\"40\" rows=\"10\" maxlength=\"2000\" class=\"wpcf7-form-control wpcf7-textarea\" aria-invalid=\"false\" name=\"your-message\"><\/textarea><\/span>\n<\/p>\n<p><input class=\"wpcf7-form-control wpcf7-submit has-spinner\" type=\"submit\" value=\"Enviar\" \/>\n<\/p><p style=\"display: none !important;\" class=\"akismet-fields-container\" data-prefix=\"_wpcf7_ak_\"><label>&#916;<textarea name=\"_wpcf7_ak_hp_textarea\" cols=\"45\" rows=\"8\" maxlength=\"100\"><\/textarea><\/label><input type=\"hidden\" id=\"ak_js_1\" name=\"_wpcf7_ak_js\" value=\"150\"\/><script type=\"text\/javascript\">\n\/* <![CDATA[ *\/\ndocument.getElementById( \"ak_js_1\" ).setAttribute( \"value\", ( new Date() ).getTime() );\n\/* ]]> *\/\n<\/script>\n<\/p><input type='hidden' class='wpcf7-pum' value='{\"closepopup\":false,\"closedelay\":0,\"openpopup\":true,\"openpopup_id\":2663}' \/><div class=\"wpcf7-response-output\" aria-hidden=\"true\"><\/div>\n<\/form>\n<\/div>\n\n","protected":false},"excerpt":{"rendered":"Estudio Contable en Salta Gerente del \u00c1rea Estudio Contable: Cr. Sylvain Leiva Dalmas Cr.Emiliano Navarro Caballero CONSULTAS (0387) 500-5781 Las Heras 1323 1\u00b0 piso Dpto 2 Salta Capital Formulario de Contacto \"Estudio Contable Salta - Contadores en Salta\"","protected":false},"author":2,"featured_media":0,"parent":0,"menu_order":0,"comment_status":"closed","ping_status":"closed","template":"page-home.php","meta":{"footnotes":""},"class_list":["post-3475","page","type-page","status-publish","hentry"],"yoast_head":"<!-- This site is optimized with the Yoast SEO plugin v27.6 - https:\/\/yoast.com\/product\/yoast-seo-wordpress\/ -->\n<title>LACL\u00c9 I Estudio Contable en Salta Capital Tel. (0387) 500-5781 - Sylvain Leiva Dalmas<\/title>\n<meta name=\"description\" content=\"Estudio Contable en SALTA. LACL\u00c9 I CONTADORES. Monotributo. Responsable Inscripto. Empeladores. Obtenga respuesta a su consulta: llame al tel\u00e9fono: (0387) 500-5781. Salta. Monotributistas: Inscripci\u00f3n\/Adhesi\u00f3n\/Baja Recategorizaci\u00f3n Modificaci\u00f3n de datos...\" \/>\n<meta name=\"robots\" content=\"index, follow, max-snippet:-1, max-image-preview:large, max-video-preview:-1\" \/>\n<link rel=\"canonical\" href=\"https:\/\/estudiocl.com\/inicio\/contadores-salta\/\" \/>\n<meta property=\"og:locale\" content=\"es_ES\" \/>\n<meta property=\"og:type\" content=\"article\" \/>\n<meta property=\"og:title\" content=\"LACL\u00c9 I Estudio Contable en Salta Capital Tel. (0387) 500-5781 - Sylvain Leiva Dalmas\" \/>\n<meta property=\"og:description\" content=\"Estudio Contable en SALTA. LACL\u00c9 I CONTADORES. Monotributo. Responsable Inscripto. Empeladores. Obtenga respuesta a su consulta: llame al tel\u00e9fono: (0387) 500-5781. Salta. Monotributistas: Inscripci\u00f3n\/Adhesi\u00f3n\/Baja Recategorizaci\u00f3n Modificaci\u00f3n de datos...\" \/>\n<meta property=\"og:url\" content=\"https:\/\/estudiocl.com\/inicio\/contadores-salta\/\" \/>\n<meta property=\"og:site_name\" content=\"Abogados en C\u00f3rdoba\" \/>\n<meta property=\"article:modified_time\" content=\"2019-06-12T17:59:05+00:00\" \/>\n<meta property=\"og:image\" content=\"http:\/\/estudiocl.com\/inicio\/wp-content\/uploads\/2018\/06\/Monotributo.png\" \/>\n<meta name=\"twitter:card\" content=\"summary_large_image\" \/>\n<meta name=\"twitter:label1\" content=\"Tiempo de lectura\" \/>\n\t<meta name=\"twitter:data1\" content=\"1 minuto\" \/>\n<script type=\"application\/ld+json\" class=\"yoast-schema-graph\">{\"@context\":\"https:\\\/\\\/schema.org\",\"@graph\":[{\"@type\":\"WebPage\",\"@id\":\"https:\\\/\\\/estudiocl.com\\\/inicio\\\/contadores-salta\\\/\",\"url\":\"https:\\\/\\\/estudiocl.com\\\/inicio\\\/contadores-salta\\\/\",\"name\":\"LACL\u00c9 I Estudio Contable en Salta Capital Tel. (0387) 500-5781 - Sylvain Leiva Dalmas\",\"isPartOf\":{\"@id\":\"https:\\\/\\\/estudiocl.com\\\/inicio\\\/#website\"},\"primaryImageOfPage\":{\"@id\":\"https:\\\/\\\/estudiocl.com\\\/inicio\\\/contadores-salta\\\/#primaryimage\"},\"image\":{\"@id\":\"https:\\\/\\\/estudiocl.com\\\/inicio\\\/contadores-salta\\\/#primaryimage\"},\"thumbnailUrl\":\"http:\\\/\\\/estudiocl.com\\\/inicio\\\/wp-content\\\/uploads\\\/2018\\\/06\\\/Monotributo.png\",\"datePublished\":\"2019-06-12T17:52:17+00:00\",\"dateModified\":\"2019-06-12T17:59:05+00:00\",\"description\":\"Estudio Contable en SALTA. LACL\u00c9 I CONTADORES. Monotributo. Responsable Inscripto. Empeladores. Obtenga respuesta a su consulta: llame al tel\u00e9fono: (0387) 500-5781. Salta. Monotributistas: Inscripci\u00f3n\\\/Adhesi\u00f3n\\\/Baja Recategorizaci\u00f3n Modificaci\u00f3n de datos...\",\"breadcrumb\":{\"@id\":\"https:\\\/\\\/estudiocl.com\\\/inicio\\\/contadores-salta\\\/#breadcrumb\"},\"inLanguage\":\"es\",\"potentialAction\":[{\"@type\":\"ReadAction\",\"target\":[\"https:\\\/\\\/estudiocl.com\\\/inicio\\\/contadores-salta\\\/\"]}]},{\"@type\":\"ImageObject\",\"inLanguage\":\"es\",\"@id\":\"https:\\\/\\\/estudiocl.com\\\/inicio\\\/contadores-salta\\\/#primaryimage\",\"url\":\"http:\\\/\\\/estudiocl.com\\\/inicio\\\/wp-content\\\/uploads\\\/2018\\\/06\\\/Monotributo.png\",\"contentUrl\":\"http:\\\/\\\/estudiocl.com\\\/inicio\\\/wp-content\\\/uploads\\\/2018\\\/06\\\/Monotributo.png\"},{\"@type\":\"BreadcrumbList\",\"@id\":\"https:\\\/\\\/estudiocl.com\\\/inicio\\\/contadores-salta\\\/#breadcrumb\",\"itemListElement\":[{\"@type\":\"ListItem\",\"position\":1,\"name\":\"Portada\",\"item\":\"https:\\\/\\\/estudiocl.com\\\/inicio\\\/\"},{\"@type\":\"ListItem\",\"position\":2,\"name\":\"Estudio Contable Salta\"}]},{\"@type\":\"WebSite\",\"@id\":\"https:\\\/\\\/estudiocl.com\\\/inicio\\\/#website\",\"url\":\"https:\\\/\\\/estudiocl.com\\\/inicio\\\/\",\"name\":\"Abogados en C\u00f3rdoba\",\"description\":\"Lacl\u00e9 Abogados en C\u00f3rdoba - Estudio Jur\u00eddico en C\u00f3rdoba\",\"potentialAction\":[{\"@type\":\"SearchAction\",\"target\":{\"@type\":\"EntryPoint\",\"urlTemplate\":\"https:\\\/\\\/estudiocl.com\\\/inicio\\\/?s={search_term_string}\"},\"query-input\":{\"@type\":\"PropertyValueSpecification\",\"valueRequired\":true,\"valueName\":\"search_term_string\"}}],\"inLanguage\":\"es\"}]}<\/script>\n<!-- \/ Yoast SEO plugin. -->","yoast_head_json":{"title":"LACL\u00c9 I Estudio Contable en Salta Capital Tel. (0387) 500-5781 - Sylvain Leiva Dalmas","description":"Estudio Contable en SALTA. LACL\u00c9 I CONTADORES. Monotributo. Responsable Inscripto. Empeladores. Obtenga respuesta a su consulta: llame al tel\u00e9fono: (0387) 500-5781. Salta. Monotributistas: Inscripci\u00f3n\/Adhesi\u00f3n\/Baja Recategorizaci\u00f3n Modificaci\u00f3n de datos...","robots":{"index":"index","follow":"follow","max-snippet":"max-snippet:-1","max-image-preview":"max-image-preview:large","max-video-preview":"max-video-preview:-1"},"canonical":"https:\/\/estudiocl.com\/inicio\/contadores-salta\/","og_locale":"es_ES","og_type":"article","og_title":"LACL\u00c9 I Estudio Contable en Salta Capital Tel. (0387) 500-5781 - Sylvain Leiva Dalmas","og_description":"Estudio Contable en SALTA. LACL\u00c9 I CONTADORES. Monotributo. Responsable Inscripto. Empeladores. Obtenga respuesta a su consulta: llame al tel\u00e9fono: (0387) 500-5781. Salta. Monotributistas: Inscripci\u00f3n\/Adhesi\u00f3n\/Baja Recategorizaci\u00f3n Modificaci\u00f3n de datos...","og_url":"https:\/\/estudiocl.com\/inicio\/contadores-salta\/","og_site_name":"Abogados en C\u00f3rdoba","article_modified_time":"2019-06-12T17:59:05+00:00","og_image":[{"url":"http:\/\/estudiocl.com\/inicio\/wp-content\/uploads\/2018\/06\/Monotributo.png","type":"","width":"","height":""}],"twitter_card":"summary_large_image","twitter_misc":{"Tiempo de lectura":"1 minuto"},"schema":{"@context":"https:\/\/schema.org","@graph":[{"@type":"WebPage","@id":"https:\/\/estudiocl.com\/inicio\/contadores-salta\/","url":"https:\/\/estudiocl.com\/inicio\/contadores-salta\/","name":"LACL\u00c9 I Estudio Contable en Salta Capital Tel. (0387) 500-5781 - Sylvain Leiva Dalmas","isPartOf":{"@id":"https:\/\/estudiocl.com\/inicio\/#website"},"primaryImageOfPage":{"@id":"https:\/\/estudiocl.com\/inicio\/contadores-salta\/#primaryimage"},"image":{"@id":"https:\/\/estudiocl.com\/inicio\/contadores-salta\/#primaryimage"},"thumbnailUrl":"http:\/\/estudiocl.com\/inicio\/wp-content\/uploads\/2018\/06\/Monotributo.png","datePublished":"2019-06-12T17:52:17+00:00","dateModified":"2019-06-12T17:59:05+00:00","description":"Estudio Contable en SALTA. LACL\u00c9 I CONTADORES. Monotributo. Responsable Inscripto. Empeladores. Obtenga respuesta a su consulta: llame al tel\u00e9fono: (0387) 500-5781. Salta. Monotributistas: Inscripci\u00f3n\/Adhesi\u00f3n\/Baja Recategorizaci\u00f3n Modificaci\u00f3n de datos...","breadcrumb":{"@id":"https:\/\/estudiocl.com\/inicio\/contadores-salta\/#breadcrumb"},"inLanguage":"es","potentialAction":[{"@type":"ReadAction","target":["https:\/\/estudiocl.com\/inicio\/contadores-salta\/"]}]},{"@type":"ImageObject","inLanguage":"es","@id":"https:\/\/estudiocl.com\/inicio\/contadores-salta\/#primaryimage","url":"http:\/\/estudiocl.com\/inicio\/wp-content\/uploads\/2018\/06\/Monotributo.png","contentUrl":"http:\/\/estudiocl.com\/inicio\/wp-content\/uploads\/2018\/06\/Monotributo.png"},{"@type":"BreadcrumbList","@id":"https:\/\/estudiocl.com\/inicio\/contadores-salta\/#breadcrumb","itemListElement":[{"@type":"ListItem","position":1,"name":"Portada","item":"https:\/\/estudiocl.com\/inicio\/"},{"@type":"ListItem","position":2,"name":"Estudio Contable Salta"}]},{"@type":"WebSite","@id":"https:\/\/estudiocl.com\/inicio\/#website","url":"https:\/\/estudiocl.com\/inicio\/","name":"Abogados en C\u00f3rdoba","description":"Lacl\u00e9 Abogados en C\u00f3rdoba - Estudio Jur\u00eddico en C\u00f3rdoba","potentialAction":[{"@type":"SearchAction","target":{"@type":"EntryPoint","urlTemplate":"https:\/\/estudiocl.com\/inicio\/?s={search_term_string}"},"query-input":{"@type":"PropertyValueSpecification","valueRequired":true,"valueName":"search_term_string"}}],"inLanguage":"es"}]}},"_links":{"self":[{"href":"https:\/\/estudiocl.com\/inicio\/wp-json\/wp\/v2\/pages\/3475","targetHints":{"allow":["GET"]}}],"collection":[{"href":"https:\/\/estudiocl.com\/inicio\/wp-json\/wp\/v2\/pages"}],"about":[{"href":"https:\/\/estudiocl.com\/inicio\/wp-json\/wp\/v2\/types\/page"}],"author":[{"embeddable":true,"href":"https:\/\/estudiocl.com\/inicio\/wp-json\/wp\/v2\/users\/2"}],"replies":[{"embeddable":true,"href":"https:\/\/estudiocl.com\/inicio\/wp-json\/wp\/v2\/comments?post=3475"}],"version-history":[{"count":3,"href":"https:\/\/estudiocl.com\/inicio\/wp-json\/wp\/v2\/pages\/3475\/revisions"}],"predecessor-version":[{"id":3479,"href":"https:\/\/estudiocl.com\/inicio\/wp-json\/wp\/v2\/pages\/3475\/revisions\/3479"}],"wp:attachment":[{"href":"https:\/\/estudiocl.com\/inicio\/wp-json\/wp\/v2\/media?parent=3475"}],"curies":[{"name":"wp","href":"https:\/\/api.w.org\/{rel}","templated":true}]}}