{"id":3358,"date":"2019-05-15T17:40:37","date_gmt":"2019-05-15T17:40:37","guid":{"rendered":"http:\/\/estudiocl.com\/inicio\/?page_id=3358"},"modified":"2019-05-15T17:49:02","modified_gmt":"2019-05-15T17:49:02","slug":"centro","status":"publish","type":"page","link":"https:\/\/estudiocl.com\/inicio\/centro\/","title":{"rendered":"Centro"},"content":{"rendered":"<div class=\"row \">\n<div class=\"span4 \"><div class=\"flip-container banner-wrap color-2\" ontouchstart=\"this.classList.toggle('hover');\"><div class=\"flipper\"><div class=\"front\"><figure class=\"featured-thumbnail\"><a href=\"http:\/\/estudiocl.com\/inicio\/extra-header-content\/abogado-laboral-cordoba\/\" title=\"ACCIDENTES Y ENFERMEDADES LABORALES\"><img decoding=\"async\" src=\"https:\/\/estudiocl.com\/inicio\/wp-content\/uploads\/2017\/10\/banner-img5.jpg\" title=\"ACCIDENTES Y ENFERMEDADES LABORALES\" alt=\"\" \/><\/a><\/figure><div class=\"desc\"><h5>ACCIDENTES Y ENFERMEDADES LABORALES<\/h5><\/div><\/div><div class=\"back\"><div class=\"desc\"><h5>ACCIDENTES Y ENFERMEDADES LABORALES<\/h5><p>Abogados en C\u00f3rdoba <\/p><div class=\"link-align banner-btn\"><a href=\"http:\/\/estudiocl.com\/inicio\/extra-header-content\/abogado-laboral-cordoba\/\" title=\"Leer m\u00e1s\" class=\"btn btn-link\" target=\"_self\">Leer m\u00e1s<\/a><\/div><\/div><\/div><\/div><\/div><!-- .banner-wrap (end) -->\n<div class=\"flip-container banner-wrap color-1\" ontouchstart=\"this.classList.toggle('hover');\"><div class=\"flipper\"><div class=\"front\"><figure class=\"featured-thumbnail\"><a href=\"http:\/\/estudiocl.com\/inicio\/portfolio\/jubilaciones-y-pensiones\/\" title=\"JUBILACIONES Y PENSIONES\"><img decoding=\"async\" src=\"https:\/\/estudiocl.com\/inicio\/wp-content\/uploads\/2017\/10\/banner-img3.jpg\" title=\"JUBILACIONES Y PENSIONES\" alt=\"\" \/><\/a><\/figure><div class=\"desc\"><h5>JUBILACIONES Y PENSIONES<\/h5><\/div><\/div><div class=\"back\"><div class=\"desc\"><h5>JUBILACIONES Y PENSIONES<\/h5><p>Lacl\u00e9, especialistas en derecho previsional. Abogados en C\u00f3rdoba <\/p><div class=\"link-align banner-btn\"><a href=\"http:\/\/estudiocl.com\/inicio\/portfolio\/jubilaciones-y-pensiones\/\" title=\"Leer m\u00e1s\" class=\"btn btn-link\" target=\"_self\">Leer m\u00e1s<\/a><\/div><\/div><\/div><\/div><\/div><!-- .banner-wrap (end) --><\/div>\n<div class=\"span4 \"><div class=\"custom-service-box color-1\"><span class=\"before\"><\/span><a class=\"icon\" href=\"http:\/\/estudiocl.com\/inicio\/despidos-y-trabajo-en-negro\/\" title=\"Despidos\/Trabajo en negro\" target=\"_self\"><span class=\"icon-img\"><img decoding=\"async\" src=\"https:\/\/estudiocl.com\/inicio\/wp-content\/themes\/theme49007\/images\/iconSweets\/icon1.png\" alt=\"\"><\/span><\/a><span class=\"link\">Despidos\/Trabajo en negro<\/span><span class=\"after\"><\/span><\/div>\n<div class=\"custom-service-box color-2\"><span class=\"before\"><\/span><a class=\"icon\" href=\"http:\/\/estudiocl.com\/inicio\/declaratoria-de-herederos\/\" title=\"Declaratorias de Herederos\/Sucesorios\" target=\"_self\"><span class=\"icon-img\"><img decoding=\"async\" src=\"https:\/\/estudiocl.com\/inicio\/wp-content\/themes\/theme49007\/images\/iconSweets\/icon2.png\" alt=\"\"><\/span><\/a><span class=\"link\">Declaratorias de Herederos\/Sucesorios<\/span><span class=\"after\"><\/span><\/div>\n<div class=\"custom-service-box color-3\"><span class=\"before\"><\/span><a class=\"icon\" href=\"http:\/\/estudiocl.com\/inicio\/\" title=\"Redacci\u00f3n de contratos\" target=\"_self\"><span class=\"icon-img\"><img decoding=\"async\" src=\"https:\/\/estudiocl.com\/inicio\/wp-content\/themes\/theme49007\/images\/iconSweets\/icon3.png\" alt=\"\"><\/span><\/a><span class=\"link\">Redacci\u00f3n de contratos<\/span><span class=\"after\"><\/span><\/div>\n<div class=\"custom-service-box color-4\"><span class=\"before\"><\/span><a class=\"icon\" href=\"http:\/\/estudiocl.com\/inicio\/portfolio\/reparacion-historica\/\" title=\"Reparaci\u00f3n Hist\u00f3rica\" target=\"_self\"><span class=\"icon-img\"><img decoding=\"async\" src=\"https:\/\/estudiocl.com\/inicio\/wp-content\/themes\/theme49007\/images\/iconSweets\/icon4.png\" alt=\"\"><\/span><\/a><span class=\"link\">Reparaci\u00f3n Hist\u00f3rica<\/span><span class=\"after\"><\/span><\/div>\n<div class=\"spacer\"><\/div><!-- .spacer (end) -->\n<div class=\"flip-container banner-wrap color-3\" ontouchstart=\"this.classList.toggle('hover');\"><div class=\"flipper\"><div class=\"front\"><figure class=\"featured-thumbnail\"><a href=\"http:\/\/estudiocl.com\/inicio\/portfolio\/marcas-y-patentes\/\" title=\"MARCAS Y PATENTES\"><img decoding=\"async\" src=\"https:\/\/estudiocl.com\/inicio\/wp-content\/uploads\/2018\/08\/marcas-1.jpg\" title=\"MARCAS Y PATENTES\" alt=\"\" \/><\/a><\/figure><div class=\"desc\"><h5>MARCAS Y PATENTES<\/h5><\/div><\/div><div class=\"back\"><div class=\"desc\"><h5>MARCAS Y PATENTES<\/h5><p>Abogados en C\u00f3rdoba<\/p><div class=\"link-align banner-btn\"><a href=\"http:\/\/estudiocl.com\/inicio\/portfolio\/marcas-y-patentes\/\" title=\"Leer m\u00e1s\" class=\"btn btn-link\" target=\"_self\">Leer m\u00e1s<\/a><\/div><\/div><\/div><\/div><\/div><!-- .banner-wrap (end) --><\/div>\n<div class=\"span4 \"><div class=\"flip-container banner-wrap color-2\" ontouchstart=\"this.classList.toggle('hover');\"><div class=\"flipper\"><div class=\"front\"><figure class=\"featured-thumbnail\"><a href=\"http:\/\/estudiocl.com\/inicio\/portfolio\/accidentes-de-transito\/\" title=\"ACCIDENTES DE TR\u00c1NSITO\"><img decoding=\"async\" src=\"https:\/\/estudiocl.com\/inicio\/wp-content\/uploads\/2018\/08\/accidentes_trans2-2.jpg\" title=\"ACCIDENTES DE TR\u00c1NSITO\" alt=\"\" \/><\/a><\/figure><div class=\"desc\"><h5>ACCIDENTES DE TR\u00c1NSITO<\/h5><\/div><\/div><div class=\"back\"><div class=\"desc\"><h5>ACCIDENTES DE TR\u00c1NSITO<\/h5><p>Abogados en C\u00f3rdoba<\/p><div class=\"link-align banner-btn\"><a href=\"http:\/\/estudiocl.com\/inicio\/portfolio\/accidentes-de-transito\/\" title=\"Leer m\u00e1s\" class=\"btn btn-link\" target=\"_self\">Leer m\u00e1s<\/a><\/div><\/div><\/div><\/div><\/div><!-- .banner-wrap (end) -->\n<div class=\"flip-container banner-wrap color-1\" ontouchstart=\"this.classList.toggle('hover');\"><div class=\"flipper\"><div class=\"front\"><figure class=\"featured-thumbnail\"><a href=\"http:\/\/estudiocl.com\/inicio\/derecho-penal\/\" title=\"DERECHO PENAL\"><img decoding=\"async\" src=\"https:\/\/estudiocl.com\/inicio\/wp-content\/uploads\/2018\/11\/Abogados-Penalistas.png\" title=\"DERECHO PENAL\" alt=\"\" \/><\/a><\/figure><div class=\"desc\"><h5>DERECHO PENAL<\/h5><\/div><\/div><div class=\"back\"><div class=\"desc\"><h5>DERECHO PENAL<\/h5><p>Abogados en C\u00f3rdoba<\/p><div class=\"link-align banner-btn\"><a href=\"http:\/\/estudiocl.com\/inicio\/derecho-penal\/\" title=\"Leer m\u00e1s\" class=\"btn btn-link\" target=\"_self\">Leer m\u00e1s<\/a><\/div><\/div><\/div><\/div><\/div><!-- .banner-wrap (end) --><\/div>\n<div class=\"span4 \"><div class=\"flip-container banner-wrap color-1\" ontouchstart=\"this.classList.toggle('hover');\"><div class=\"flipper\"><div class=\"front\"><figure class=\"featured-thumbnail\"><a href=\"http:\/\/estudiocl.com\/inicio\/portfolio\/divorcios-cuotas-alimentarias\/\" title=\"DIVORCIOS Y CUOTAS ALIMENTARIAS\"><img decoding=\"async\" src=\"https:\/\/estudiocl.com\/inicio\/wp-content\/uploads\/2018\/11\/ABOGADO-FAMILLIA-DIVORCIO-CUOTAS.png\" title=\"DIVORCIOS Y CUOTAS ALIMENTARIAS\" alt=\"\" \/><\/a><\/figure><div class=\"desc\"><h5>DIVORCIOS Y CUOTAS ALIMENTARIAS<\/h5><\/div><\/div><div class=\"back\"><div class=\"desc\"><h5>DIVORCIOS Y CUOTAS ALIMENTARIAS<\/h5><p>Abogados en C\u00f3rdoba<\/p><div class=\"link-align banner-btn\"><a href=\"http:\/\/estudiocl.com\/inicio\/portfolio\/divorcios-cuotas-alimentarias\/\" title=\"Leer m\u00e1s\" class=\"btn btn-link\" target=\"_self\">Leer m\u00e1s<\/a><\/div><\/div><\/div><\/div><\/div><!-- .banner-wrap (end) --><\/div>\n<div class=\"span4 \"><div class=\"flip-container banner-wrap color-3\" ontouchstart=\"this.classList.toggle('hover');\"><div class=\"flipper\"><div class=\"front\"><figure class=\"featured-thumbnail\"><a href=\"http:\/\/estudiocl.com\/inicio\/abogados-derecho-societario\/\" title=\"EMPRESARIAL\"><img decoding=\"async\" src=\"https:\/\/estudiocl.com\/inicio\/wp-content\/uploads\/2018\/11\/Abogados-societarios.png\" title=\"EMPRESARIAL\" alt=\"\" \/><\/a><\/figure><div class=\"desc\"><h5>EMPRESARIAL<\/h5><\/div><\/div><div class=\"back\"><div class=\"desc\"><h5>EMPRESARIAL<\/h5><p>Abogados en C\u00f3rdoba<\/p><div class=\"link-align banner-btn\"><a href=\"http:\/\/estudiocl.com\/inicio\/abogados-derecho-societario\/\" title=\"Leer m\u00e1s\" class=\"btn btn-link\" target=\"_self\">Leer m\u00e1s<\/a><\/div><\/div><\/div><\/div><\/div><!-- .banner-wrap (end) --><\/div>\n<div class=\"span4 \"><div class=\"flip-container banner-wrap color-2\" ontouchstart=\"this.classList.toggle('hover');\"><div class=\"flipper\"><div class=\"front\"><figure class=\"featured-thumbnail\"><a href=\"http:\/\/estudiocl.com\/inicio\/derecho-civil\/\" title=\"DERECHO CIVIL\"><img decoding=\"async\" src=\"https:\/\/estudiocl.com\/inicio\/wp-content\/uploads\/2018\/11\/Abogados-en-derecho-civil2.png\" title=\"DERECHO CIVIL\" alt=\"\" \/><\/a><\/figure><div class=\"desc\"><h5>DERECHO CIVIL<\/h5><\/div><\/div><div class=\"back\"><div class=\"desc\"><h5>DERECHO CIVIL<\/h5><p>Abogados en C\u00f3rdoba<\/p><div class=\"link-align banner-btn\"><a href=\"http:\/\/estudiocl.com\/inicio\/derecho-civil\/\" title=\"Leer m\u00e1s\" class=\"btn btn-link\" target=\"_self\">Leer m\u00e1s<\/a><\/div><\/div><\/div><\/div><\/div><!-- .banner-wrap (end) --><\/div>\n<\/div><!-- .row (end) -->\n<p>&nbsp;<\/p>\n","protected":false},"excerpt":{"rendered":"&nbsp;","protected":false},"author":2,"featured_media":0,"parent":0,"menu_order":0,"comment_status":"open","ping_status":"closed","template":"page-fullwidth.php","meta":{"footnotes":""},"class_list":["post-3358","page","type-page","status-publish","hentry"],"yoast_head":"<!-- This site is optimized with the Yoast SEO plugin v27.6 - https:\/\/yoast.com\/product\/yoast-seo-wordpress\/ -->\n<title>Centro - Abogados en C\u00f3rdoba<\/title>\n<meta name=\"robots\" content=\"index, follow, max-snippet:-1, max-image-preview:large, max-video-preview:-1\" \/>\n<link rel=\"canonical\" href=\"https:\/\/estudiocl.com\/inicio\/centro\/\" \/>\n<meta property=\"og:locale\" content=\"es_ES\" \/>\n<meta property=\"og:type\" content=\"article\" \/>\n<meta property=\"og:title\" content=\"Centro - Abogados en C\u00f3rdoba\" \/>\n<meta property=\"og:description\" content=\"&nbsp;\" \/>\n<meta property=\"og:url\" content=\"https:\/\/estudiocl.com\/inicio\/centro\/\" \/>\n<meta property=\"og:site_name\" content=\"Abogados en C\u00f3rdoba\" \/>\n<meta property=\"article:modified_time\" content=\"2019-05-15T17:49:02+00:00\" \/>\n<meta name=\"twitter:card\" content=\"summary_large_image\" \/>\n<meta name=\"twitter:label1\" content=\"Tiempo de lectura\" \/>\n\t<meta name=\"twitter:data1\" content=\"2 minutos\" \/>\n<script type=\"application\/ld+json\" class=\"yoast-schema-graph\">{\"@context\":\"https:\\\/\\\/schema.org\",\"@graph\":[{\"@type\":\"WebPage\",\"@id\":\"https:\\\/\\\/estudiocl.com\\\/inicio\\\/centro\\\/\",\"url\":\"https:\\\/\\\/estudiocl.com\\\/inicio\\\/centro\\\/\",\"name\":\"Centro - Abogados en C\u00f3rdoba\",\"isPartOf\":{\"@id\":\"https:\\\/\\\/estudiocl.com\\\/inicio\\\/#website\"},\"datePublished\":\"2019-05-15T17:40:37+00:00\",\"dateModified\":\"2019-05-15T17:49:02+00:00\",\"breadcrumb\":{\"@id\":\"https:\\\/\\\/estudiocl.com\\\/inicio\\\/centro\\\/#breadcrumb\"},\"inLanguage\":\"es\",\"potentialAction\":[{\"@type\":\"ReadAction\",\"target\":[\"https:\\\/\\\/estudiocl.com\\\/inicio\\\/centro\\\/\"]}]},{\"@type\":\"BreadcrumbList\",\"@id\":\"https:\\\/\\\/estudiocl.com\\\/inicio\\\/centro\\\/#breadcrumb\",\"itemListElement\":[{\"@type\":\"ListItem\",\"position\":1,\"name\":\"Portada\",\"item\":\"https:\\\/\\\/estudiocl.com\\\/inicio\\\/\"},{\"@type\":\"ListItem\",\"position\":2,\"name\":\"Centro\"}]},{\"@type\":\"WebSite\",\"@id\":\"https:\\\/\\\/estudiocl.com\\\/inicio\\\/#website\",\"url\":\"https:\\\/\\\/estudiocl.com\\\/inicio\\\/\",\"name\":\"Abogados en C\u00f3rdoba\",\"description\":\"Lacl\u00e9 Abogados en C\u00f3rdoba - Estudio Jur\u00eddico en C\u00f3rdoba\",\"potentialAction\":[{\"@type\":\"SearchAction\",\"target\":{\"@type\":\"EntryPoint\",\"urlTemplate\":\"https:\\\/\\\/estudiocl.com\\\/inicio\\\/?s={search_term_string}\"},\"query-input\":{\"@type\":\"PropertyValueSpecification\",\"valueRequired\":true,\"valueName\":\"search_term_string\"}}],\"inLanguage\":\"es\"}]}<\/script>\n<!-- \/ Yoast SEO plugin. -->","yoast_head_json":{"title":"Centro - Abogados en C\u00f3rdoba","robots":{"index":"index","follow":"follow","max-snippet":"max-snippet:-1","max-image-preview":"max-image-preview:large","max-video-preview":"max-video-preview:-1"},"canonical":"https:\/\/estudiocl.com\/inicio\/centro\/","og_locale":"es_ES","og_type":"article","og_title":"Centro - Abogados en C\u00f3rdoba","og_description":"&nbsp;","og_url":"https:\/\/estudiocl.com\/inicio\/centro\/","og_site_name":"Abogados en C\u00f3rdoba","article_modified_time":"2019-05-15T17:49:02+00:00","twitter_card":"summary_large_image","twitter_misc":{"Tiempo de lectura":"2 minutos"},"schema":{"@context":"https:\/\/schema.org","@graph":[{"@type":"WebPage","@id":"https:\/\/estudiocl.com\/inicio\/centro\/","url":"https:\/\/estudiocl.com\/inicio\/centro\/","name":"Centro - Abogados en C\u00f3rdoba","isPartOf":{"@id":"https:\/\/estudiocl.com\/inicio\/#website"},"datePublished":"2019-05-15T17:40:37+00:00","dateModified":"2019-05-15T17:49:02+00:00","breadcrumb":{"@id":"https:\/\/estudiocl.com\/inicio\/centro\/#breadcrumb"},"inLanguage":"es","potentialAction":[{"@type":"ReadAction","target":["https:\/\/estudiocl.com\/inicio\/centro\/"]}]},{"@type":"BreadcrumbList","@id":"https:\/\/estudiocl.com\/inicio\/centro\/#breadcrumb","itemListElement":[{"@type":"ListItem","position":1,"name":"Portada","item":"https:\/\/estudiocl.com\/inicio\/"},{"@type":"ListItem","position":2,"name":"Centro"}]},{"@type":"WebSite","@id":"https:\/\/estudiocl.com\/inicio\/#website","url":"https:\/\/estudiocl.com\/inicio\/","name":"Abogados en C\u00f3rdoba","description":"Lacl\u00e9 Abogados en C\u00f3rdoba - Estudio Jur\u00eddico en C\u00f3rdoba","potentialAction":[{"@type":"SearchAction","target":{"@type":"EntryPoint","urlTemplate":"https:\/\/estudiocl.com\/inicio\/?s={search_term_string}"},"query-input":{"@type":"PropertyValueSpecification","valueRequired":true,"valueName":"search_term_string"}}],"inLanguage":"es"}]}},"_links":{"self":[{"href":"https:\/\/estudiocl.com\/inicio\/wp-json\/wp\/v2\/pages\/3358","targetHints":{"allow":["GET"]}}],"collection":[{"href":"https:\/\/estudiocl.com\/inicio\/wp-json\/wp\/v2\/pages"}],"about":[{"href":"https:\/\/estudiocl.com\/inicio\/wp-json\/wp\/v2\/types\/page"}],"author":[{"embeddable":true,"href":"https:\/\/estudiocl.com\/inicio\/wp-json\/wp\/v2\/users\/2"}],"replies":[{"embeddable":true,"href":"https:\/\/estudiocl.com\/inicio\/wp-json\/wp\/v2\/comments?post=3358"}],"version-history":[{"count":1,"href":"https:\/\/estudiocl.com\/inicio\/wp-json\/wp\/v2\/pages\/3358\/revisions"}],"predecessor-version":[{"id":3359,"href":"https:\/\/estudiocl.com\/inicio\/wp-json\/wp\/v2\/pages\/3358\/revisions\/3359"}],"wp:attachment":[{"href":"https:\/\/estudiocl.com\/inicio\/wp-json\/wp\/v2\/media?parent=3358"}],"curies":[{"name":"wp","href":"https:\/\/api.w.org\/{rel}","templated":true}]}}