{"id":3097,"date":"2018-06-18T17:16:59","date_gmt":"2018-06-18T17:16:59","guid":{"rendered":"http:\/\/estudiocl.com\/inicio\/?page_id=3097"},"modified":"2020-03-26T15:47:54","modified_gmt":"2020-03-26T15:47:54","slug":"estudio-contable","status":"publish","type":"page","link":"https:\/\/estudiocl.com\/inicio\/estudio-contable\/","title":{"rendered":"Estudio Contable"},"content":{"rendered":"<p><span style=\"vertical-align: inherit;\"><\/p>\n<div class=\"mp-span12 motopress-clmn\"><\/div>\n<p><\/span><\/p>\n<h1 style=\"text-align: center;\"><strong>Estudio Contable en C\u00f3rdoba<\/strong><\/h1>\n<h3><span style=\"vertical-align: inherit;\"><div class=\"sm_hr\"><\/div><!-- .sm_hr (end) --><\/span><\/h3>\n<h3 style=\"text-align: center;\">Estudio Contable en C\u00f3rdoba - Contador en C\u00f3rdoba<\/h3>\n<h3 style=\"text-align: left;\"><strong><span style=\"vertical-align: inherit;\"><a href=\"http:\/\/estudiocl.com\/inicio\/wp-content\/uploads\/2019\/08\/Icono-Redes-Sociales.png\"><img decoding=\"async\" class=\"size-thumbnail wp-image-3493 aligncenter\" src=\"http:\/\/estudiocl.com\/inicio\/wp-content\/uploads\/2019\/08\/Icono-Redes-Sociales-150x150.png\" alt=\"estudio contable en cordoba\" width=\"150\" height=\"150\" srcset=\"https:\/\/estudiocl.com\/inicio\/wp-content\/uploads\/2019\/08\/Icono-Redes-Sociales-150x150.png 150w, https:\/\/estudiocl.com\/inicio\/wp-content\/uploads\/2019\/08\/Icono-Redes-Sociales-300x300.png 300w, https:\/\/estudiocl.com\/inicio\/wp-content\/uploads\/2019\/08\/Icono-Redes-Sociales-768x768.png 768w, https:\/\/estudiocl.com\/inicio\/wp-content\/uploads\/2019\/08\/Icono-Redes-Sociales-1024x1024.png 1024w, https:\/\/estudiocl.com\/inicio\/wp-content\/uploads\/2019\/08\/Icono-Redes-Sociales.png 1200w\" sizes=\"(max-width: 150px) 100vw, 150px\" \/><\/a><\/span><\/strong><\/h3>\n<h3 style=\"text-align: center;\"><strong><span style=\"vertical-align: inherit;\">Contadores<\/span><\/strong><\/h3>\n<h3 style=\"text-align: center;\"><strong><span style=\"vertical-align: inherit;\">Cr. Alfredo I. Carabajal<\/span><\/strong><\/h3>\n<h3 style=\"text-align: center;\"><strong>Cr. Diego E. Romero<\/strong><\/h3>\n<h3 style=\"text-align: center;\"><strong>Cr. Nicolas Molina Brendolise<\/strong><\/h3>\n<h3><span style=\"vertical-align: inherit;\"><div class=\"sm_hr\"><\/div><!-- .sm_hr (end) --><\/span><\/h3>\n<p><span style=\"vertical-align: inherit;\"><div class=\"support-box\"><div class=\"row\"><span class=\"title span3\">Contador en C\u00f3rdoba:<\/span><span class=\"phone span4\"><span class=\"phone-title\">llame al tel\u00e9fono:<\/span><span class=\"phone-num\">(351) 6178323<\/span><\/span><span class=\"span2\"><span class=\"operation-time\">Estudio Contable C\u00f3rdoba<\/span><\/span><a href=\"http:\/\/estudiocl.com\/inicio\/contacts\/\" class=\"link span3\"><span class=\"inner\"><strong>Turnos<\/strong><small><\/small><\/span><\/a><\/div><\/div> <div class=\"row \"> <div class=\"span12 \"><\/div><\/span><\/p>\n<div class=\"span4 \"><div style=\"width: 604px;\" class=\"wp-video\"><video class=\"wp-video-shortcode\" id=\"video-3097-1\" width=\"604\" height=\"453\" loop autoplay preload=\"metadata\" controls=\"controls\"><source type=\"video\/mp4\" src=\"https:\/\/estudiocl.com\/inicio\/wp-content\/uploads\/2020\/02\/Contadores-en-Cordoba.mp4?_=1\" \/><a href=\"https:\/\/estudiocl.com\/inicio\/wp-content\/uploads\/2020\/02\/Contadores-en-Cordoba.mp4\">https:\/\/estudiocl.com\/inicio\/wp-content\/uploads\/2020\/02\/Contadores-en-Cordoba.mp4<\/a><\/video><\/div><\/div>\n<div class=\"span4 \"><h3><a href=\"https:\/\/estudiocl.com\/inicio\/contadores-en-cordoba-ingreso-familiar-de-emergencia-1\" target=\"_blank\" rel=\"noopener noreferrer\"><span style=\"color: #ff0000;\">Novedad: <strong><span style=\"color: #000000;\">Descarga<\/span><\/strong><\/span> aqu\u00ed toda la <strong>Informaci\u00f3n sobre el Ingreso Familiar de Emergencia por el CORONAVIRUS<\/strong> - Por RC Contadores en C\u00f3rdoba.<\/a><\/h3><\/div>\n<div class=\"span4 \"><p><a href=\"https:\/\/estudiocl.com\/inicio\/wp-content\/uploads\/2020\/02\/Film-and-Animation-Courses-1.png\"><img fetchpriority=\"high\" decoding=\"async\" class=\"wp-image-3551  alignleft\" src=\"https:\/\/estudiocl.com\/inicio\/wp-content\/uploads\/2020\/02\/Film-and-Animation-Courses-1-1024x576.png\" alt=\"contadores en cordoba\" width=\"562\" height=\"318\" \/><\/a><\/p><\/div>\n<div class=\"row \"><\/div><!-- .row (end) -->\n<div class=\"span4 \"><div class=\"flip-container banner-wrap color-2\" ontouchstart=\"this.classList.toggle('hover');\"><div class=\"flipper\"><div class=\"front\"><figure class=\"featured-thumbnail\"><img decoding=\"async\" src=\"https:\/\/estudiocl.com\/inicio\/wp-content\/uploads\/2020\/02\/5-contadores-en-cordoba-1.png\" title=\"RESPONSABLES INSCRIPTOS\" alt=\"\" \/><\/figure><div class=\"desc\"><h5>RESPONSABLES INSCRIPTOS<\/h5><\/div><\/div><div class=\"back\"><div class=\"desc\"><h5>RESPONSABLES INSCRIPTOS<\/h5><p><\/p>\n<p>Adhesi\u00f3n<\/p>\n<p>Facturaci\u00f3n<\/p>\n<p>Bienes personales<\/p>\n<p>Iva\/Ganancias<\/p>\n<p>Ingresos Brutos<\/p>\n<p>Reg\u00edmenes de Informaci\u00f3n y Retenci\u00f3n<\/p>\n<p><\/p><div class=\"link-align banner-btn\"><a href=\"\" title=\"Leer m\u00e1s\" class=\"btn btn-link\" target=\"_self\">Leer m\u00e1s<\/a><\/div><\/div><\/div><\/div><\/div><!-- .banner-wrap (end) -->\n<div class=\"flip-container banner-wrap color-1\" ontouchstart=\"this.classList.toggle('hover');\"><div class=\"flipper\"><div class=\"front\"><figure class=\"featured-thumbnail\"><img decoding=\"async\" src=\"https:\/\/estudiocl.com\/inicio\/wp-content\/uploads\/2020\/02\/4-contadores-en-cordoba-1.png\" title=\"EMPLEADORES\" alt=\"\" \/><\/figure><div class=\"desc\"><h5>EMPLEADORES<\/h5><\/div><\/div><div class=\"back\"><div class=\"desc\"><h5>EMPLEADORES<\/h5><p>Contadores en C\u00f3rdoba<\/p><div class=\"link-align banner-btn\"><a href=\"\" title=\"Leer m\u00e1s\" class=\"btn btn-link\" target=\"_self\">Leer m\u00e1s<\/a><\/div><\/div><\/div><\/div><\/div><!-- .banner-wrap (end) --><\/div>\n<div class=\"span4 \"><div class=\"custom-service-box color-1\"><span class=\"before\"><\/span><a class=\"icon\" href=\"http:\/\/estudiocl.com\/inicio\/despidos-y-trabajo-en-negro\/\" title=\"Una Empresa\" target=\"_self\"><span class=\"icon-img\"><img decoding=\"async\" src=\"https:\/\/estudiocl.com\/inicio\/wp-content\/themes\/theme49007\/images\/iconSweets\/icon1.png\" alt=\"\"><\/span><\/a><span class=\"link\">Una Empresa<\/span><span class=\"after\"><\/span><\/div>\n<div class=\"custom-service-box color-2\"><span class=\"before\"><\/span><a class=\"icon\" href=\"http:\/\/estudiocl.com\/inicio\/declaratoria-de-herederos\/\" title=\"Es M\u00e1s\" target=\"_self\"><span class=\"icon-img\"><img decoding=\"async\" src=\"https:\/\/estudiocl.com\/inicio\/wp-content\/themes\/theme49007\/images\/iconSweets\/icon2.png\" alt=\"\"><\/span><\/a><span class=\"link\">Es M\u00e1s<\/span><span class=\"after\"><\/span><\/div>\n<div class=\"custom-service-box color-3\"><span class=\"before\"><\/span><a class=\"icon\" href=\"http:\/\/estudiocl.com\/inicio\/\" title=\"Que la Suma\" target=\"_self\"><span class=\"icon-img\"><img decoding=\"async\" src=\"https:\/\/estudiocl.com\/inicio\/wp-content\/themes\/theme49007\/images\/iconSweets\/icon3.png\" alt=\"\"><\/span><\/a><span class=\"link\">Que la Suma<\/span><span class=\"after\"><\/span><\/div>\n<div class=\"custom-service-box color-4\"><span class=\"before\"><\/span><a class=\"icon\" href=\"http:\/\/estudiocl.com\/inicio\/portfolio\/reparacion-historica\/\" title=\"De Sus Partes\" target=\"_self\"><span class=\"icon-img\"><img decoding=\"async\" src=\"https:\/\/estudiocl.com\/inicio\/wp-content\/themes\/theme49007\/images\/iconSweets\/icon4.png\" alt=\"\"><\/span><\/a><span class=\"link\">De Sus Partes<\/span><span class=\"after\"><\/span><\/div>\n<div class=\"spacer\"><\/div><!-- .spacer (end) -->\n<div class=\"flip-container banner-wrap color-3\" ontouchstart=\"this.classList.toggle('hover');\"><div class=\"flipper\"><div class=\"front\"><figure class=\"featured-thumbnail\"><img decoding=\"async\" src=\"https:\/\/estudiocl.com\/inicio\/wp-content\/uploads\/2020\/02\/2-contadores-en-cordoba-1.png\" title=\"PYMES\" alt=\"\" \/><\/figure><div class=\"desc\"><h5>PYMES<\/h5><\/div><\/div><div class=\"back\"><div class=\"desc\"><h5>PYMES<\/h5><p>Peque\u00f1as y Medianas Empresas<\/p><div class=\"link-align banner-btn\"><a href=\"\" title=\"Leer m\u00e1s\" class=\"btn btn-link\" target=\"_self\">Leer m\u00e1s<\/a><\/div><\/div><\/div><\/div><\/div><!-- .banner-wrap (end) --><\/div>\n<div class=\"span4 \"><div class=\"flip-container banner-wrap color-2\" ontouchstart=\"this.classList.toggle('hover');\"><div class=\"flipper\"><div class=\"front\"><figure class=\"featured-thumbnail\"><img decoding=\"async\" src=\"https:\/\/estudiocl.com\/inicio\/wp-content\/uploads\/2020\/02\/Contadores-en-cordoba6.png\" title=\"MONOTRIBUTO\" alt=\"\" \/><\/figure><div class=\"desc\"><h5>MONOTRIBUTO<\/h5><\/div><\/div><div class=\"back\"><div class=\"desc\"><h5>MONOTRIBUTO<\/h5><div class=\"link-align banner-btn\"><a href=\"\" title=\"Leer m\u00e1s\" class=\"btn btn-link\" target=\"_self\">Leer m\u00e1s<\/a><\/div><\/div><\/div><\/div><\/div><!-- .banner-wrap (end) -->\n<div class=\"flip-container banner-wrap color-1\" ontouchstart=\"this.classList.toggle('hover');\"><div class=\"flipper\"><div class=\"front\"><figure class=\"featured-thumbnail\"><img decoding=\"async\" src=\"https:\/\/estudiocl.com\/inicio\/wp-content\/uploads\/2020\/02\/3-contadores-en-cordoba-1.png\" title=\"TRABAJADORES\" alt=\"\" \/><\/figure><div class=\"desc\"><h5>TRABAJADORES<\/h5><\/div><\/div><div class=\"back\"><div class=\"desc\"><h5>TRABAJADORES<\/h5><p>Contadores en C\u00f3rdoba<\/p><div class=\"link-align banner-btn\"><a href=\"\" title=\"Leer m\u00e1s\" class=\"btn btn-link\" target=\"_self\">Leer m\u00e1s<\/a><\/div><\/div><\/div><\/div><\/div><!-- .banner-wrap (end) --><\/div>\n<\/div><!-- .row (end) -->\n<h2 style=\"text-align: center;\"><div class=\"clear\"><\/div><!-- .clear (end) --><\/h2>\n<h2 style=\"text-align: center;\"><b>CONSULTAS<\/b><\/h2>\n<h2 style=\"text-align: center;\"><div class=\"clear\"><\/div><!-- .clear (end) --><\/h2>\n<h2 style=\"text-align: center;\"><strong>(0351)617-8323<\/strong><\/h2>\n<p><span style=\"vertical-align: inherit;\"><div class=\"google-map\"><iframe src=\"https:\/\/www.google.com\/maps\/embed?pb=!1m18!1m12!1m3!1d3404.8818071851056!2d-64.18929639487541!3d-31.417382343009766!2m3!1f0!2f0!3f0!3m2!1i1024!2i768!4f13.1!3m3!1m2!1s0x9432a28380a0222d%3A0x96de227a117242a9!2sESTUDIO+CL+-+Cornavaca+%26+Leiva+Dalmas+-+Abogados+en+C%C3%B3rdoba!5e0!3m2!1ses!2sar!4v1525290715507\" frameborder=\"0\" width=\"1200\" height=\"300\" marginwidth=\"0\" marginheight=\"0\" scrolling=\"no\"><\/iframe><\/div><\/span><\/p>\n<h2><span style=\"vertical-align: inherit;\"><div class=\"sm_hr\"><\/div><!-- .sm_hr (end) --><\/span><\/h2>\n<h2><span style=\"vertical-align: inherit;\">Formulario de Contacto \"Estudio Contable C\u00f3rdoba - Contador en C\u00f3rdoba\"<\/span><\/h2>\n\n<div class=\"wpcf7 no-js\" id=\"wpcf7-f3033-o1\" lang=\"es-ES\" dir=\"ltr\" data-wpcf7-id=\"3033\">\n<div class=\"screen-reader-response\"><p role=\"status\" aria-live=\"polite\" aria-atomic=\"true\"><\/p> <ul><\/ul><\/div>\n<form action=\"\/inicio\/wp-json\/wp\/v2\/pages\/3097#wpcf7-f3033-o1\" method=\"post\" class=\"wpcf7-form init\" aria-label=\"Formulario de contacto\" novalidate=\"novalidate\" data-status=\"init\">\n<fieldset class=\"hidden-fields-container\"><input type=\"hidden\" name=\"_wpcf7\" value=\"3033\" \/><input type=\"hidden\" name=\"_wpcf7_version\" value=\"6.1.6\" \/><input type=\"hidden\" name=\"_wpcf7_locale\" value=\"es_ES\" \/><input type=\"hidden\" name=\"_wpcf7_unit_tag\" value=\"wpcf7-f3033-o1\" \/><input type=\"hidden\" name=\"_wpcf7_container_post\" value=\"0\" \/><input type=\"hidden\" name=\"_wpcf7_posted_data_hash\" value=\"\" \/><input type=\"hidden\" name=\"_wpcf7_recaptcha_response\" value=\"\" \/>\n<\/fieldset>\n<font size=3 color=#000000> Nombre y Apellido\n<\/font>\n<p><span class=\"wpcf7-form-control-wrap\" data-name=\"your-name\"><input size=\"40\" maxlength=\"400\" class=\"wpcf7-form-control wpcf7-text wpcf7-validates-as-required\" aria-required=\"true\" aria-invalid=\"false\" value=\"\" type=\"text\" name=\"your-name\" \/><\/span>\n<\/p>\n<p>\n\t<font size=3 color=#000000> Mail\n\t<\/font>\n<\/p>\n<p><span class=\"wpcf7-form-control-wrap\" data-name=\"your-email\"><input size=\"40\" maxlength=\"400\" class=\"wpcf7-form-control wpcf7-email wpcf7-validates-as-required wpcf7-text wpcf7-validates-as-email\" aria-required=\"true\" aria-invalid=\"false\" value=\"\" type=\"email\" name=\"your-email\" \/><\/span>\n<\/p>\n<p>\n\t<font size=3 color=#000000> Tel\u00e9fono\n\t<\/font>\n<\/p>\n<p><span class=\"wpcf7-form-control-wrap\" data-name=\"telefono\"><input size=\"40\" maxlength=\"400\" class=\"wpcf7-form-control wpcf7-tel wpcf7-text wpcf7-validates-as-tel\" aria-invalid=\"false\" value=\"\" type=\"tel\" name=\"telefono\" \/><\/span>\n<\/p>\n<p>\n\t<font size=3 color=#000000> Consulta\n\t<\/font>\n<\/p>\n<p><span class=\"wpcf7-form-control-wrap\" data-name=\"your-message\"><textarea cols=\"40\" rows=\"10\" maxlength=\"2000\" class=\"wpcf7-form-control wpcf7-textarea\" aria-invalid=\"false\" name=\"your-message\"><\/textarea><\/span>\n<\/p>\n<p><input class=\"wpcf7-form-control wpcf7-submit has-spinner\" type=\"submit\" value=\"Enviar\" \/>\n<\/p><p style=\"display: none !important;\" class=\"akismet-fields-container\" data-prefix=\"_wpcf7_ak_\"><label>&#916;<textarea name=\"_wpcf7_ak_hp_textarea\" cols=\"45\" rows=\"8\" maxlength=\"100\"><\/textarea><\/label><input type=\"hidden\" id=\"ak_js_1\" name=\"_wpcf7_ak_js\" value=\"160\"\/><script type=\"text\/javascript\">\n\/* <![CDATA[ *\/\ndocument.getElementById( \"ak_js_1\" ).setAttribute( \"value\", ( new Date() ).getTime() );\n\/* ]]> *\/\n<\/script>\n<\/p><input type='hidden' class='wpcf7-pum' value='{\"closepopup\":false,\"closedelay\":0,\"openpopup\":true,\"openpopup_id\":2663}' \/><div class=\"wpcf7-response-output\" aria-hidden=\"true\"><\/div>\n<\/form>\n<\/div>\n\n","protected":false},"excerpt":{"rendered":"Estudio Contable en C\u00f3rdoba Estudio Contable en C\u00f3rdoba - Contador en C\u00f3rdoba Contadores Cr. Alfredo I. Carabajal Cr. Diego E. Romero Cr. Nicolas Molina Brendolise CONSULTAS (0351)617-8323 Formulario de Contacto \"Estudio Contable C\u00f3rdoba - Contador en C\u00f3rdoba\"","protected":false},"author":2,"featured_media":3493,"parent":0,"menu_order":0,"comment_status":"closed","ping_status":"closed","template":"page-home.php","meta":{"footnotes":""},"class_list":["post-3097","page","type-page","status-publish","has-post-thumbnail","hentry"],"yoast_head":"<!-- This site is optimized with the Yoast SEO plugin v27.6 - https:\/\/yoast.com\/product\/yoast-seo-wordpress\/ -->\n<title>LACL\u00c9 I Estudio Contable en C\u00f3rdoba Capital Tel. (0351) 6178323<\/title>\n<meta name=\"description\" content=\"Estudio Contable en C\u00f3rdoba. LACL\u00c9 I Estudio Contable. Monotributo. Responsable Inscripto. Empeladores. Obtenga respuesta a su consulta: llame al tel\u00e9fono: (351) 617-8323. Av. V\u00e9lez Sarsfield 84, Piso 1, A y B, C\u00f3rdoba. Monotributistas: Inscripci\u00f3n\/Adhesi\u00f3n\/Baja Recategorizaci\u00f3n Modificaci\u00f3n de datos...\" \/>\n<meta name=\"robots\" content=\"index, follow, max-snippet:-1, max-image-preview:large, max-video-preview:-1\" \/>\n<link rel=\"canonical\" href=\"https:\/\/estudiocl.com\/inicio\/estudio-contable\/\" \/>\n<meta property=\"og:locale\" content=\"es_ES\" \/>\n<meta property=\"og:type\" content=\"article\" \/>\n<meta property=\"og:title\" content=\"LACL\u00c9 I Estudio Contable en C\u00f3rdoba Capital Tel. (0351) 6178323\" \/>\n<meta property=\"og:description\" content=\"Estudio Contable en C\u00f3rdoba. LACL\u00c9 I Estudio Contable. Monotributo. Responsable Inscripto. Empeladores. Obtenga respuesta a su consulta: llame al tel\u00e9fono: (351) 617-8323. Av. V\u00e9lez Sarsfield 84, Piso 1, A y B, C\u00f3rdoba. Monotributistas: Inscripci\u00f3n\/Adhesi\u00f3n\/Baja Recategorizaci\u00f3n Modificaci\u00f3n de datos...\" \/>\n<meta property=\"og:url\" content=\"https:\/\/estudiocl.com\/inicio\/estudio-contable\/\" \/>\n<meta property=\"og:site_name\" content=\"Abogados en C\u00f3rdoba\" \/>\n<meta property=\"article:modified_time\" content=\"2020-03-26T15:47:54+00:00\" \/>\n<meta property=\"og:image\" content=\"https:\/\/estudiocl.com\/inicio\/wp-content\/uploads\/2019\/08\/Icono-Redes-Sociales.png\" \/>\n\t<meta property=\"og:image:width\" content=\"1200\" \/>\n\t<meta property=\"og:image:height\" content=\"1200\" \/>\n\t<meta property=\"og:image:type\" content=\"image\/png\" \/>\n<meta name=\"twitter:card\" content=\"summary_large_image\" \/>\n<meta name=\"twitter:label1\" content=\"Tiempo de lectura\" \/>\n\t<meta name=\"twitter:data1\" content=\"3 minutos\" \/>\n<script type=\"application\/ld+json\" class=\"yoast-schema-graph\">{\"@context\":\"https:\\\/\\\/schema.org\",\"@graph\":[{\"@type\":\"WebPage\",\"@id\":\"https:\\\/\\\/estudiocl.com\\\/inicio\\\/estudio-contable\\\/\",\"url\":\"https:\\\/\\\/estudiocl.com\\\/inicio\\\/estudio-contable\\\/\",\"name\":\"LACL\u00c9 I Estudio Contable en C\u00f3rdoba Capital Tel. (0351) 6178323\",\"isPartOf\":{\"@id\":\"https:\\\/\\\/estudiocl.com\\\/inicio\\\/#website\"},\"primaryImageOfPage\":{\"@id\":\"https:\\\/\\\/estudiocl.com\\\/inicio\\\/estudio-contable\\\/#primaryimage\"},\"image\":{\"@id\":\"https:\\\/\\\/estudiocl.com\\\/inicio\\\/estudio-contable\\\/#primaryimage\"},\"thumbnailUrl\":\"https:\\\/\\\/estudiocl.com\\\/inicio\\\/wp-content\\\/uploads\\\/2019\\\/08\\\/Icono-Redes-Sociales.png\",\"datePublished\":\"2018-06-18T17:16:59+00:00\",\"dateModified\":\"2020-03-26T15:47:54+00:00\",\"description\":\"Estudio Contable en C\u00f3rdoba. LACL\u00c9 I Estudio Contable. Monotributo. Responsable Inscripto. Empeladores. Obtenga respuesta a su consulta: llame al tel\u00e9fono: (351) 617-8323. Av. V\u00e9lez Sarsfield 84, Piso 1, A y B, C\u00f3rdoba. Monotributistas: Inscripci\u00f3n\\\/Adhesi\u00f3n\\\/Baja Recategorizaci\u00f3n Modificaci\u00f3n de datos...\",\"breadcrumb\":{\"@id\":\"https:\\\/\\\/estudiocl.com\\\/inicio\\\/estudio-contable\\\/#breadcrumb\"},\"inLanguage\":\"es\",\"potentialAction\":[{\"@type\":\"ReadAction\",\"target\":[\"https:\\\/\\\/estudiocl.com\\\/inicio\\\/estudio-contable\\\/\"]}]},{\"@type\":\"ImageObject\",\"inLanguage\":\"es\",\"@id\":\"https:\\\/\\\/estudiocl.com\\\/inicio\\\/estudio-contable\\\/#primaryimage\",\"url\":\"https:\\\/\\\/estudiocl.com\\\/inicio\\\/wp-content\\\/uploads\\\/2019\\\/08\\\/Icono-Redes-Sociales.png\",\"contentUrl\":\"https:\\\/\\\/estudiocl.com\\\/inicio\\\/wp-content\\\/uploads\\\/2019\\\/08\\\/Icono-Redes-Sociales.png\",\"width\":1200,\"height\":1200,\"caption\":\"estudio contable en cordoba contadores en cordoba\"},{\"@type\":\"BreadcrumbList\",\"@id\":\"https:\\\/\\\/estudiocl.com\\\/inicio\\\/estudio-contable\\\/#breadcrumb\",\"itemListElement\":[{\"@type\":\"ListItem\",\"position\":1,\"name\":\"Portada\",\"item\":\"https:\\\/\\\/estudiocl.com\\\/inicio\\\/\"},{\"@type\":\"ListItem\",\"position\":2,\"name\":\"Estudio Contable\"}]},{\"@type\":\"WebSite\",\"@id\":\"https:\\\/\\\/estudiocl.com\\\/inicio\\\/#website\",\"url\":\"https:\\\/\\\/estudiocl.com\\\/inicio\\\/\",\"name\":\"Abogados en C\u00f3rdoba\",\"description\":\"Lacl\u00e9 Abogados en C\u00f3rdoba - Estudio Jur\u00eddico en C\u00f3rdoba\",\"potentialAction\":[{\"@type\":\"SearchAction\",\"target\":{\"@type\":\"EntryPoint\",\"urlTemplate\":\"https:\\\/\\\/estudiocl.com\\\/inicio\\\/?s={search_term_string}\"},\"query-input\":{\"@type\":\"PropertyValueSpecification\",\"valueRequired\":true,\"valueName\":\"search_term_string\"}}],\"inLanguage\":\"es\"}]}<\/script>\n<!-- \/ Yoast SEO plugin. -->","yoast_head_json":{"title":"LACL\u00c9 I Estudio Contable en C\u00f3rdoba Capital Tel. (0351) 6178323","description":"Estudio Contable en C\u00f3rdoba. LACL\u00c9 I Estudio Contable. Monotributo. Responsable Inscripto. Empeladores. Obtenga respuesta a su consulta: llame al tel\u00e9fono: (351) 617-8323. Av. V\u00e9lez Sarsfield 84, Piso 1, A y B, C\u00f3rdoba. Monotributistas: Inscripci\u00f3n\/Adhesi\u00f3n\/Baja Recategorizaci\u00f3n Modificaci\u00f3n de datos...","robots":{"index":"index","follow":"follow","max-snippet":"max-snippet:-1","max-image-preview":"max-image-preview:large","max-video-preview":"max-video-preview:-1"},"canonical":"https:\/\/estudiocl.com\/inicio\/estudio-contable\/","og_locale":"es_ES","og_type":"article","og_title":"LACL\u00c9 I Estudio Contable en C\u00f3rdoba Capital Tel. (0351) 6178323","og_description":"Estudio Contable en C\u00f3rdoba. LACL\u00c9 I Estudio Contable. Monotributo. Responsable Inscripto. Empeladores. Obtenga respuesta a su consulta: llame al tel\u00e9fono: (351) 617-8323. Av. V\u00e9lez Sarsfield 84, Piso 1, A y B, C\u00f3rdoba. Monotributistas: Inscripci\u00f3n\/Adhesi\u00f3n\/Baja Recategorizaci\u00f3n Modificaci\u00f3n de datos...","og_url":"https:\/\/estudiocl.com\/inicio\/estudio-contable\/","og_site_name":"Abogados en C\u00f3rdoba","article_modified_time":"2020-03-26T15:47:54+00:00","og_image":[{"width":1200,"height":1200,"url":"https:\/\/estudiocl.com\/inicio\/wp-content\/uploads\/2019\/08\/Icono-Redes-Sociales.png","type":"image\/png"}],"twitter_card":"summary_large_image","twitter_misc":{"Tiempo de lectura":"3 minutos"},"schema":{"@context":"https:\/\/schema.org","@graph":[{"@type":"WebPage","@id":"https:\/\/estudiocl.com\/inicio\/estudio-contable\/","url":"https:\/\/estudiocl.com\/inicio\/estudio-contable\/","name":"LACL\u00c9 I Estudio Contable en C\u00f3rdoba Capital Tel. (0351) 6178323","isPartOf":{"@id":"https:\/\/estudiocl.com\/inicio\/#website"},"primaryImageOfPage":{"@id":"https:\/\/estudiocl.com\/inicio\/estudio-contable\/#primaryimage"},"image":{"@id":"https:\/\/estudiocl.com\/inicio\/estudio-contable\/#primaryimage"},"thumbnailUrl":"https:\/\/estudiocl.com\/inicio\/wp-content\/uploads\/2019\/08\/Icono-Redes-Sociales.png","datePublished":"2018-06-18T17:16:59+00:00","dateModified":"2020-03-26T15:47:54+00:00","description":"Estudio Contable en C\u00f3rdoba. LACL\u00c9 I Estudio Contable. Monotributo. Responsable Inscripto. Empeladores. Obtenga respuesta a su consulta: llame al tel\u00e9fono: (351) 617-8323. Av. V\u00e9lez Sarsfield 84, Piso 1, A y B, C\u00f3rdoba. Monotributistas: Inscripci\u00f3n\/Adhesi\u00f3n\/Baja Recategorizaci\u00f3n Modificaci\u00f3n de datos...","breadcrumb":{"@id":"https:\/\/estudiocl.com\/inicio\/estudio-contable\/#breadcrumb"},"inLanguage":"es","potentialAction":[{"@type":"ReadAction","target":["https:\/\/estudiocl.com\/inicio\/estudio-contable\/"]}]},{"@type":"ImageObject","inLanguage":"es","@id":"https:\/\/estudiocl.com\/inicio\/estudio-contable\/#primaryimage","url":"https:\/\/estudiocl.com\/inicio\/wp-content\/uploads\/2019\/08\/Icono-Redes-Sociales.png","contentUrl":"https:\/\/estudiocl.com\/inicio\/wp-content\/uploads\/2019\/08\/Icono-Redes-Sociales.png","width":1200,"height":1200,"caption":"estudio contable en cordoba contadores en cordoba"},{"@type":"BreadcrumbList","@id":"https:\/\/estudiocl.com\/inicio\/estudio-contable\/#breadcrumb","itemListElement":[{"@type":"ListItem","position":1,"name":"Portada","item":"https:\/\/estudiocl.com\/inicio\/"},{"@type":"ListItem","position":2,"name":"Estudio Contable"}]},{"@type":"WebSite","@id":"https:\/\/estudiocl.com\/inicio\/#website","url":"https:\/\/estudiocl.com\/inicio\/","name":"Abogados en C\u00f3rdoba","description":"Lacl\u00e9 Abogados en C\u00f3rdoba - Estudio Jur\u00eddico en C\u00f3rdoba","potentialAction":[{"@type":"SearchAction","target":{"@type":"EntryPoint","urlTemplate":"https:\/\/estudiocl.com\/inicio\/?s={search_term_string}"},"query-input":{"@type":"PropertyValueSpecification","valueRequired":true,"valueName":"search_term_string"}}],"inLanguage":"es"}]}},"_links":{"self":[{"href":"https:\/\/estudiocl.com\/inicio\/wp-json\/wp\/v2\/pages\/3097","targetHints":{"allow":["GET"]}}],"collection":[{"href":"https:\/\/estudiocl.com\/inicio\/wp-json\/wp\/v2\/pages"}],"about":[{"href":"https:\/\/estudiocl.com\/inicio\/wp-json\/wp\/v2\/types\/page"}],"author":[{"embeddable":true,"href":"https:\/\/estudiocl.com\/inicio\/wp-json\/wp\/v2\/users\/2"}],"replies":[{"embeddable":true,"href":"https:\/\/estudiocl.com\/inicio\/wp-json\/wp\/v2\/comments?post=3097"}],"version-history":[{"count":36,"href":"https:\/\/estudiocl.com\/inicio\/wp-json\/wp\/v2\/pages\/3097\/revisions"}],"predecessor-version":[{"id":3576,"href":"https:\/\/estudiocl.com\/inicio\/wp-json\/wp\/v2\/pages\/3097\/revisions\/3576"}],"wp:featuredmedia":[{"embeddable":true,"href":"https:\/\/estudiocl.com\/inicio\/wp-json\/wp\/v2\/media\/3493"}],"wp:attachment":[{"href":"https:\/\/estudiocl.com\/inicio\/wp-json\/wp\/v2\/media?parent=3097"}],"curies":[{"name":"wp","href":"https:\/\/api.w.org\/{rel}","templated":true}]}}