{"id":1877,"date":"2013-07-04T12:40:02","date_gmt":"2013-07-04T12:40:02","guid":{"rendered":"http:\/\/estudiocl.com\/inicio\/portfolio\/portfolio-3\/category-3\/"},"modified":"2023-08-07T19:35:35","modified_gmt":"2023-08-07T22:35:35","slug":"accidentes-de-transito","status":"publish","type":"page","link":"https:\/\/estudiocl.com\/inicio\/portfolio\/accidentes-de-transito\/","title":{"rendered":"Accidentes de Tr\u00e1nsito"},"content":{"rendered":"<h1 style=\"text-align: center;\"><strong>Abogados Especialistas en Accidentes de Tr\u00e1nsito<\/strong><\/h1>\n<h3 style=\"text-align: center;\"><strong><div id=\"metaslider-id-3084\" style=\"max-width: 400px; margin: 0 auto;\" class=\"ml-slider-3-109-0 metaslider metaslider-responsive metaslider-3084 ml-slider ms-theme-default\" role=\"region\" aria-label=\"New Slideshow\" data-height=\"300\" data-width=\"400\">\n    <div id=\"metaslider_container_3084\">\n        <ul id='metaslider_3084' class='rslides'>\n            <li aria-roledescription='slide' aria-labelledby='slide-0'><img fetchpriority=\"high\" decoding=\"async\" src=\"https:\/\/estudiocl.com\/inicio\/wp-content\/uploads\/2019\/05\/abogados-accidentes-de-transito-LACLE-ABOGADOS2-400x300.png\" height=\"300\" width=\"400\" alt=\"abogados accidentes de transito\" class=\"slider-3084 slide-3449 msDefaultImage\" title=\"abogados accidentes de transito - LACLE ABOGADOS2\" \/><\/li>\n            <li style='display: none;' aria-roledescription='slide' aria-labelledby='slide-1'><img decoding=\"async\" src=\"https:\/\/estudiocl.com\/inicio\/wp-content\/uploads\/2019\/05\/abogados-accidentes-de-transito-todos-los-seguros2-1-400x300.png\" height=\"300\" width=\"400\" alt=\"abogados accidentes de transito\" class=\"slider-3084 slide-3450 msDefaultImage\" title=\"abogados accidentes de transito - todos los seguros2\" \/><\/li>\n            <li style='display: none;' aria-roledescription='slide' aria-labelledby='slide-2'><img decoding=\"async\" src=\"https:\/\/estudiocl.com\/inicio\/wp-content\/uploads\/2019\/05\/abogados-accidentes-de-transito-con-o-sin-seguro-400x300.png\" height=\"300\" width=\"400\" alt=\"abogados accidentes de transito\" class=\"slider-3084 slide-3451 msDefaultImage\" title=\"abogados accidentes de transito - con o sin seguro\" \/><\/li>\n        <\/ul>\n        \n    <\/div>\n<\/div><\/strong><\/h3>\n<h3><\/h3>\n<p><span style=\"vertical-align: inherit;\"><div class=\"support-box\"><div class=\"row\"><span class=\"title span3\">Obtenga respuesta a su consulta legal:<\/span><span class=\"phone span4\"><span class=\"phone-title\">llame al tel\u00e9fono:<\/span><span class=\"phone-num\">(351) 6016629<\/span><\/span><span class=\"span2\"><span class=\"operation-time\">Abogado por Accidente de Tr\u00e1nsito<\/span><\/span><a href=\"http:\/\/estudiocl.com\/inicio\/contacts\/\" class=\"link span3\"><span class=\"inner\"><strong>Turnos<\/strong><small><\/small><\/span><\/a><\/div><\/div> <div class=\"row \"><\/div><!-- .row (end) --> <div class=\"span12 \"><\/div><\/span><\/p>\n<h3>Ante un accidente de tr\u00e1nsito sufrido, puede reclamar el pago de una <strong>indemnizaci\u00f3n<\/strong> por da\u00f1o f\u00edsico o material, mediante <strong>reclamo ante la compa\u00f1\u00eda aseguradora<\/strong> y, en caso de no lograr resolver el conflicto de \u00e9sta manera, efectuar el reclamo mediante una acci\u00f3n judicial.<\/h3>\n<h3><div class=\"service-box \"><div class=\"service-box_body\"><h2 class=\"title\">\u00a1CONSULTE AHORA!<\/h2><h5 class=\"sub-title\">Procedimiento, tiempos y estrategias legales<\/h5><div class=\"service-box_txt\">Contamos con abogados y m\u00e9dicos matriculados especialistas en la materia<\/div><div class=\"btn-align\"><a href=\"https:\/\/wa.me\/5493516016629\" title=\"Clic aqui (para contacto directo)\" class=\"btn btn-inverse btn-normal btn-primary \" target=\"_self\">Clic aqui (para contacto directo)<\/a><\/div><\/div><\/div><!-- \/Service Box --><\/h3>\n<span class=\"dropcap \">!<\/span><!-- .dropcap (end) -->\n<h2><strong>\u00bfQu\u00e9 hacer ante un accidente de tr\u00e1nsito?<\/strong><\/h2>\n<ol>\n<li>\n<h3>Conserva la calma y no abandones el lugar del hecho.<\/h3>\n<\/li>\n<li>\n<h3>Si alguien sufri\u00f3 lesiones, <strong>llama al 107<\/strong>, servicio de emergencia y al 101, Polic\u00eda.<\/h3>\n<\/li>\n<li>\n<h3><strong>Toma todos los datos necesarios.<\/strong><\/h3>\n<h3><a href=\"https:\/\/estudiocl.com\/inicio\/wp-content\/uploads\/2022\/09\/abogados-accidentes-de-transito-notas.jpg\"><img loading=\"lazy\" decoding=\"async\" class=\"wp-image-4389 alignright\" src=\"https:\/\/estudiocl.com\/inicio\/wp-content\/uploads\/2022\/09\/abogados-accidentes-de-transito-notas.jpg\" alt=\"abogados accidentes de transito11\" width=\"203\" height=\"203\" srcset=\"https:\/\/estudiocl.com\/inicio\/wp-content\/uploads\/2022\/09\/abogados-accidentes-de-transito-notas.jpg 1080w, https:\/\/estudiocl.com\/inicio\/wp-content\/uploads\/2022\/09\/abogados-accidentes-de-transito-notas-300x300.jpg 300w, https:\/\/estudiocl.com\/inicio\/wp-content\/uploads\/2022\/09\/abogados-accidentes-de-transito-notas-1024x1024.jpg 1024w, https:\/\/estudiocl.com\/inicio\/wp-content\/uploads\/2022\/09\/abogados-accidentes-de-transito-notas-150x150.jpg 150w, https:\/\/estudiocl.com\/inicio\/wp-content\/uploads\/2022\/09\/abogados-accidentes-de-transito-notas-768x768.jpg 768w\" sizes=\"(max-width: 203px) 100vw, 203px\" \/><\/a><\/h3>\n<\/li>\n<\/ol>\n<ul>\n<li>\n<h3>Nombre, apellido, DNI, Fecha de vencimiento de la licencia de conducir, domicilio y tel\u00e9fono del <strong>conductor<\/strong>;<\/h3>\n<\/li>\n<li>\n<h3>Patente, marca, modelo y a\u00f1o del <strong>veh\u00edculo;<\/strong><\/h3>\n<\/li>\n<li>\n<h3>Nombre de la <strong>compa\u00f1\u00eda aseguradora<\/strong>, N\u00famero y fecha de vencimiento de la p\u00f3liza;<\/h3>\n<h3><strong><a href=\"https:\/\/estudiocl.com\/inicio\/wp-content\/uploads\/2022\/09\/abogados-accidentes-de-transito-en-cordoba.jpg\"><img loading=\"lazy\" decoding=\"async\" class=\"wp-image-4391 alignleft\" src=\"https:\/\/estudiocl.com\/inicio\/wp-content\/uploads\/2022\/09\/abogados-accidentes-de-transito-en-cordoba.jpg\" alt=\"abogados accidentes de transito 14\" width=\"178\" height=\"178\" srcset=\"https:\/\/estudiocl.com\/inicio\/wp-content\/uploads\/2022\/09\/abogados-accidentes-de-transito-en-cordoba.jpg 1080w, https:\/\/estudiocl.com\/inicio\/wp-content\/uploads\/2022\/09\/abogados-accidentes-de-transito-en-cordoba-300x300.jpg 300w, https:\/\/estudiocl.com\/inicio\/wp-content\/uploads\/2022\/09\/abogados-accidentes-de-transito-en-cordoba-1024x1024.jpg 1024w, https:\/\/estudiocl.com\/inicio\/wp-content\/uploads\/2022\/09\/abogados-accidentes-de-transito-en-cordoba-150x150.jpg 150w, https:\/\/estudiocl.com\/inicio\/wp-content\/uploads\/2022\/09\/abogados-accidentes-de-transito-en-cordoba-768x768.jpg 768w\" sizes=\"(max-width: 178px) 100vw, 178px\" \/><\/a><\/strong><\/h3>\n<\/li>\n<li>\n<h3><strong>Testigos<\/strong>: pide nombre, apellido, dni y tel\u00e9fono a las personas que hayan presenciado el accidente. Resulta muy importante en caso de tener que efectuar el reclamo en juicio;<\/h3>\n<\/li>\n<li>\n<h3>Saca <strong>fotos<\/strong> de las lesiones y da\u00f1os.<\/h3>\n<h3><a href=\"https:\/\/estudiocl.com\/inicio\/wp-content\/uploads\/2022\/09\/abogados-accidentes-de-transito-3.jpg\"><img loading=\"lazy\" decoding=\"async\" class=\"wp-image-4390 alignright\" src=\"https:\/\/estudiocl.com\/inicio\/wp-content\/uploads\/2022\/09\/abogados-accidentes-de-transito-3.jpg\" alt=\"abogados accidentes de transito 13\" width=\"156\" height=\"156\" srcset=\"https:\/\/estudiocl.com\/inicio\/wp-content\/uploads\/2022\/09\/abogados-accidentes-de-transito-3.jpg 1080w, https:\/\/estudiocl.com\/inicio\/wp-content\/uploads\/2022\/09\/abogados-accidentes-de-transito-3-300x300.jpg 300w, https:\/\/estudiocl.com\/inicio\/wp-content\/uploads\/2022\/09\/abogados-accidentes-de-transito-3-1024x1024.jpg 1024w, https:\/\/estudiocl.com\/inicio\/wp-content\/uploads\/2022\/09\/abogados-accidentes-de-transito-3-150x150.jpg 150w, https:\/\/estudiocl.com\/inicio\/wp-content\/uploads\/2022\/09\/abogados-accidentes-de-transito-3-768x768.jpg 768w\" sizes=\"(max-width: 156px) 100vw, 156px\" \/><\/a><\/h3>\n<\/li>\n<\/ul>\n<ol start=\"4\">\n<li>\n<h3><strong>Realiza la denuncia policial<\/strong>, preferentemente dentro de las 48 hs.<\/h3>\n<\/li>\n<li>\n<h3><strong>Denuncia <u>dentro de las 72 hs.<\/u> el accidente en tu compa\u00f1\u00eda de seguros<\/strong>: Muy importante debido a que de esa manera la aseguradora responder\u00e1 por el accidente.<\/h3>\n<\/li>\n<li>\n<h3>Solicite un presupuesto por los da\u00f1os materiales sufridos ante cualquier agencia o taller mec\u00e1nico.<\/h3>\n<\/li>\n<li>\n<h3><strong>Contacta con nosotros si deseas que efectuemos el reclamo indemnizatorio correspondiente ante la compa\u00f1\u00eda aseguradora. <\/strong>Nuestros honorarios por las labores prestadas son del 20% del monto que se logre obtener, a abonar una vez percibido, es decir, una vez logrado el resultado positivo del reclamo.<\/h3>\n<\/li>\n<li>\n<h3>En caso de que decida contactarnos, <strong>una vez iniciado el reclamo por nosotros, la compa\u00f1\u00eda debe responder al mismo<\/strong>, ofreciendo una suma dineraria indemnizatoria. Cada compa\u00f1\u00eda responde por un monto y en un plazo diferente (dependiendo de la seriedad y prestigio de la misma)<\/h3>\n<\/li>\n<li>\n<h3>Si el monto ofrecido resulta insatisfactorio para nuestro cliente, realizamos un <strong>nuevo reclamo administrativo<\/strong>, atento a <strong>nuestra pol\u00edtica conciliatoria<\/strong>, a fin de evitar arribar a un juicio que implica un desgaste de tiempo y dinero muchas veces innecesario.<\/h3>\n<\/li>\n<li>\n<h3>Si la compa\u00f1\u00eda mantiene su postura, queda habilitada la <strong>v\u00eda judicial<\/strong>, \u00faltima posibilidad de resoluci\u00f3n del conflicto.<\/h3>\n<\/li>\n<li>\n<h3>Contamos con m\u00e9dicos especialistas y peritos en accidentolog\u00eda.<\/h3>\n<\/li>\n<\/ol>\n<h3><span class=\"dropcap \">-<\/span><!-- .dropcap (end) --><div class=\"well normal\"> Si no contabas con seguro cuando ocurri\u00f3 el accidente, igualmente podr\u00e1s reclamar. <\/div><\/h3>\n<p><a href=\"http:\/\/estudiocl.com\/inicio\/wp-content\/uploads\/2018\/05\/abogados-accidentes-de-transito.jpg\"><img loading=\"lazy\" decoding=\"async\" class=\"alignnone size-full wp-image-2977\" src=\"http:\/\/estudiocl.com\/inicio\/wp-content\/uploads\/2018\/05\/abogados-accidentes-de-transito.jpg\" alt=\"abogados accidentes de transito\" width=\"1200\" height=\"300\" srcset=\"https:\/\/estudiocl.com\/inicio\/wp-content\/uploads\/2018\/05\/abogados-accidentes-de-transito.jpg 1200w, https:\/\/estudiocl.com\/inicio\/wp-content\/uploads\/2018\/05\/abogados-accidentes-de-transito-300x75.jpg 300w, https:\/\/estudiocl.com\/inicio\/wp-content\/uploads\/2018\/05\/abogados-accidentes-de-transito-768x192.jpg 768w, https:\/\/estudiocl.com\/inicio\/wp-content\/uploads\/2018\/05\/abogados-accidentes-de-transito-1024x256.jpg 1024w, https:\/\/estudiocl.com\/inicio\/wp-content\/uploads\/2018\/05\/abogados-accidentes-de-transito-600x150.jpg 600w\" sizes=\"(max-width: 1200px) 100vw, 1200px\" \/><\/a><\/p>\n<h2><strong>Nuestros Servicios:<\/strong><\/h2>\n<ul>\n<li>\n<h3>Especialistas en la materia<\/h3>\n<\/li>\n<li>\n<h3>Trabajamos con profesionales m\u00e9dicos, psic\u00f3logos y peritos mec\u00e1nicos necesarios para la determinaci\u00f3n de la incapacidad y de la mec\u00e1nica del hecho;<\/h3>\n<\/li>\n<li>\n<h3>Buscamos rapidez en la soluci\u00f3n del conflicto;<\/h3>\n<\/li>\n<li>\n<h3>Cobramos a resultado;<\/h3>\n<\/li>\n<li>\n<h3>Estad\u00edsticamente el reclamo efectuado por un abogado supera ampliamente el monto ofrecido por una compa\u00f1\u00eda aseguradora al reclamo efectuado por un particular.<\/h3>\n<\/li>\n<\/ul>\n<h2><span style=\"vertical-align: inherit;\"><div class=\"sm_hr\"><\/div><!-- .sm_hr (end) --><\/span><\/h2>\n<p><span style=\"vertical-align: inherit;\"><div class=\"google-map\"><iframe src=\"https:\/\/www.google.com\/maps\/embed?pb=!1m18!1m12!1m3!1d3404.946125599555!2d-64.19173718511176!3d-31.415610381404413!2m3!1f0!2f0!3f0!3m2!1i1024!2i768!4f13.1!3m3!1m2!1s0x9432a28380a0222d%3A0x96de227a117242a9!2sLACL%C3%89%20-%20Abogados%20en%20C%C3%B3rdoba!5e0!3m2!1ses-419!2sar!4v1662648573909!5m2!1ses-419!2sar\" frameborder=\"0\" width=\"1200\" height=\"300\" marginwidth=\"0\" marginheight=\"0\" scrolling=\"no\"><\/iframe><\/div><\/span><\/p>\n<h2><span style=\"vertical-align: inherit;\"><div class=\"sm_hr\"><\/div><!-- .sm_hr (end) --><\/span><\/h2>\n<h2><span style=\"vertical-align: inherit;\">Formulario de Contacto\u00a0 (Abogados Accidentes de Tr\u00e1nsito)<\/span><\/h2>\n\n<div class=\"wpcf7 no-js\" id=\"wpcf7-f3033-o1\" lang=\"es-ES\" dir=\"ltr\" data-wpcf7-id=\"3033\">\n<div class=\"screen-reader-response\"><p role=\"status\" aria-live=\"polite\" aria-atomic=\"true\"><\/p> <ul><\/ul><\/div>\n<form action=\"\/inicio\/wp-json\/wp\/v2\/pages\/1877#wpcf7-f3033-o1\" method=\"post\" class=\"wpcf7-form init\" aria-label=\"Formulario de contacto\" novalidate=\"novalidate\" data-status=\"init\">\n<fieldset class=\"hidden-fields-container\"><input type=\"hidden\" name=\"_wpcf7\" value=\"3033\" \/><input type=\"hidden\" name=\"_wpcf7_version\" value=\"6.1.6\" \/><input type=\"hidden\" name=\"_wpcf7_locale\" value=\"es_ES\" \/><input type=\"hidden\" name=\"_wpcf7_unit_tag\" value=\"wpcf7-f3033-o1\" \/><input type=\"hidden\" name=\"_wpcf7_container_post\" value=\"0\" \/><input type=\"hidden\" name=\"_wpcf7_posted_data_hash\" value=\"\" \/><input type=\"hidden\" name=\"_wpcf7_recaptcha_response\" value=\"\" \/>\n<\/fieldset>\n<font size=3 color=#000000> Nombre y Apellido\n<\/font>\n<p><span class=\"wpcf7-form-control-wrap\" data-name=\"your-name\"><input size=\"40\" maxlength=\"400\" class=\"wpcf7-form-control wpcf7-text wpcf7-validates-as-required\" aria-required=\"true\" aria-invalid=\"false\" value=\"\" type=\"text\" name=\"your-name\" \/><\/span>\n<\/p>\n<p>\n\t<font size=3 color=#000000> Mail\n\t<\/font>\n<\/p>\n<p><span class=\"wpcf7-form-control-wrap\" data-name=\"your-email\"><input size=\"40\" maxlength=\"400\" class=\"wpcf7-form-control wpcf7-email wpcf7-validates-as-required wpcf7-text wpcf7-validates-as-email\" aria-required=\"true\" aria-invalid=\"false\" value=\"\" type=\"email\" name=\"your-email\" \/><\/span>\n<\/p>\n<p>\n\t<font size=3 color=#000000> Tel\u00e9fono\n\t<\/font>\n<\/p>\n<p><span class=\"wpcf7-form-control-wrap\" data-name=\"telefono\"><input size=\"40\" maxlength=\"400\" class=\"wpcf7-form-control wpcf7-tel wpcf7-text wpcf7-validates-as-tel\" aria-invalid=\"false\" value=\"\" type=\"tel\" name=\"telefono\" \/><\/span>\n<\/p>\n<p>\n\t<font size=3 color=#000000> Consulta\n\t<\/font>\n<\/p>\n<p><span class=\"wpcf7-form-control-wrap\" data-name=\"your-message\"><textarea cols=\"40\" rows=\"10\" maxlength=\"2000\" class=\"wpcf7-form-control wpcf7-textarea\" aria-invalid=\"false\" name=\"your-message\"><\/textarea><\/span>\n<\/p>\n<p><input class=\"wpcf7-form-control wpcf7-submit has-spinner\" type=\"submit\" value=\"Enviar\" \/>\n<\/p><p style=\"display: none !important;\" class=\"akismet-fields-container\" data-prefix=\"_wpcf7_ak_\"><label>&#916;<textarea name=\"_wpcf7_ak_hp_textarea\" cols=\"45\" rows=\"8\" maxlength=\"100\"><\/textarea><\/label><input type=\"hidden\" id=\"ak_js_1\" name=\"_wpcf7_ak_js\" value=\"26\"\/><script type=\"text\/javascript\">\n\/* <![CDATA[ *\/\ndocument.getElementById( \"ak_js_1\" ).setAttribute( \"value\", ( new Date() ).getTime() );\n\/* ]]> *\/\n<\/script>\n<\/p><input type='hidden' class='wpcf7-pum' value='{\"closepopup\":false,\"closedelay\":0,\"openpopup\":true,\"openpopup_id\":2663}' \/><div class=\"wpcf7-response-output\" aria-hidden=\"true\"><\/div>\n<\/form>\n<\/div>\n\n","protected":false},"excerpt":{"rendered":"Abogados Especialistas en Accidentes de Tr\u00e1nsito Ante un accidente de tr\u00e1nsito sufrido, puede reclamar el pago de una indemnizaci\u00f3n por da\u00f1o f\u00edsico o material, mediante reclamo ante la compa\u00f1\u00eda aseguradora y, en caso de no lograr resolver el conflicto de \u00e9sta manera, efectuar el reclamo mediante una acci\u00f3n judicial. \u00bfQu\u00e9 hacer ante un accidente de tr\u00e1nsito? Conserva la calma y&nbsp;<a href=\"https:\/\/estudiocl.com\/inicio\/portfolio\/accidentes-de-transito\/\" class=\"read-more\">Seguir leyendo<\/a>","protected":false},"author":2,"featured_media":0,"parent":9,"menu_order":0,"comment_status":"open","ping_status":"closed","template":"page-fullwidth.php","meta":{"footnotes":""},"class_list":["post-1877","page","type-page","status-publish","hentry"],"yoast_head":"<!-- This site is optimized with the Yoast SEO plugin v27.6 - https:\/\/yoast.com\/product\/yoast-seo-wordpress\/ -->\n<title>Accidentes de Tr\u00e1nsito - Especialistas - Estudio Lacl\u00e9<\/title>\n<meta name=\"description\" content=\"Abogados Especialistas en Accidentes de Tr\u00e1nsito Tel\u00e9fono: (351) 6016629. Reclamos indemnizatorios por da\u00f1os f\u00edsicos y\/o materiales.\" \/>\n<meta name=\"robots\" content=\"index, follow, max-snippet:-1, max-image-preview:large, max-video-preview:-1\" \/>\n<link rel=\"canonical\" href=\"https:\/\/estudiocl.com\/inicio\/portfolio\/accidentes-de-transito\/\" \/>\n<meta property=\"og:locale\" content=\"es_ES\" \/>\n<meta property=\"og:type\" content=\"article\" \/>\n<meta property=\"og:title\" content=\"Accidentes de Tr\u00e1nsito - Especialistas - Estudio Lacl\u00e9\" \/>\n<meta property=\"og:description\" content=\"Abogados Especialistas en Accidentes de Tr\u00e1nsito Tel\u00e9fono: (351) 6016629. Reclamos indemnizatorios por da\u00f1os f\u00edsicos y\/o materiales.\" \/>\n<meta property=\"og:url\" content=\"https:\/\/estudiocl.com\/inicio\/portfolio\/accidentes-de-transito\/\" \/>\n<meta property=\"og:site_name\" content=\"Abogados en C\u00f3rdoba\" \/>\n<meta property=\"article:modified_time\" content=\"2023-08-07T22:35:35+00:00\" \/>\n<meta property=\"og:image\" content=\"https:\/\/estudiocl.com\/inicio\/wp-content\/uploads\/2022\/09\/abogados-accidentes-de-transito-notas.jpg\" \/>\n<meta name=\"twitter:card\" content=\"summary_large_image\" \/>\n<meta name=\"twitter:label1\" content=\"Tiempo de lectura\" \/>\n\t<meta name=\"twitter:data1\" content=\"4 minutos\" \/>\n<script type=\"application\/ld+json\" class=\"yoast-schema-graph\">{\"@context\":\"https:\\\/\\\/schema.org\",\"@graph\":[{\"@type\":\"WebPage\",\"@id\":\"https:\\\/\\\/estudiocl.com\\\/inicio\\\/portfolio\\\/accidentes-de-transito\\\/\",\"url\":\"https:\\\/\\\/estudiocl.com\\\/inicio\\\/portfolio\\\/accidentes-de-transito\\\/\",\"name\":\"Accidentes de Tr\u00e1nsito - Especialistas - Estudio Lacl\u00e9\",\"isPartOf\":{\"@id\":\"https:\\\/\\\/estudiocl.com\\\/inicio\\\/#website\"},\"primaryImageOfPage\":{\"@id\":\"https:\\\/\\\/estudiocl.com\\\/inicio\\\/portfolio\\\/accidentes-de-transito\\\/#primaryimage\"},\"image\":{\"@id\":\"https:\\\/\\\/estudiocl.com\\\/inicio\\\/portfolio\\\/accidentes-de-transito\\\/#primaryimage\"},\"thumbnailUrl\":\"https:\\\/\\\/estudiocl.com\\\/inicio\\\/wp-content\\\/uploads\\\/2022\\\/09\\\/abogados-accidentes-de-transito-notas.jpg\",\"datePublished\":\"2013-07-04T12:40:02+00:00\",\"dateModified\":\"2023-08-07T22:35:35+00:00\",\"description\":\"Abogados Especialistas en Accidentes de Tr\u00e1nsito Tel\u00e9fono: (351) 6016629. Reclamos indemnizatorios por da\u00f1os f\u00edsicos y\\\/o materiales.\",\"breadcrumb\":{\"@id\":\"https:\\\/\\\/estudiocl.com\\\/inicio\\\/portfolio\\\/accidentes-de-transito\\\/#breadcrumb\"},\"inLanguage\":\"es\",\"potentialAction\":[{\"@type\":\"ReadAction\",\"target\":[\"https:\\\/\\\/estudiocl.com\\\/inicio\\\/portfolio\\\/accidentes-de-transito\\\/\"]}]},{\"@type\":\"ImageObject\",\"inLanguage\":\"es\",\"@id\":\"https:\\\/\\\/estudiocl.com\\\/inicio\\\/portfolio\\\/accidentes-de-transito\\\/#primaryimage\",\"url\":\"https:\\\/\\\/estudiocl.com\\\/inicio\\\/wp-content\\\/uploads\\\/2022\\\/09\\\/abogados-accidentes-de-transito-notas.jpg\",\"contentUrl\":\"https:\\\/\\\/estudiocl.com\\\/inicio\\\/wp-content\\\/uploads\\\/2022\\\/09\\\/abogados-accidentes-de-transito-notas.jpg\",\"width\":1080,\"height\":1080,\"caption\":\"abogados accidentes de transito11\"},{\"@type\":\"BreadcrumbList\",\"@id\":\"https:\\\/\\\/estudiocl.com\\\/inicio\\\/portfolio\\\/accidentes-de-transito\\\/#breadcrumb\",\"itemListElement\":[{\"@type\":\"ListItem\",\"position\":1,\"name\":\"Portada\",\"item\":\"https:\\\/\\\/estudiocl.com\\\/inicio\\\/\"},{\"@type\":\"ListItem\",\"position\":2,\"name\":\"Servicios\",\"item\":\"https:\\\/\\\/estudiocl.com\\\/inicio\\\/portfolio\\\/\"},{\"@type\":\"ListItem\",\"position\":3,\"name\":\"Accidentes de Tr\u00e1nsito\"}]},{\"@type\":\"WebSite\",\"@id\":\"https:\\\/\\\/estudiocl.com\\\/inicio\\\/#website\",\"url\":\"https:\\\/\\\/estudiocl.com\\\/inicio\\\/\",\"name\":\"Abogados en C\u00f3rdoba\",\"description\":\"Lacl\u00e9 Abogados en C\u00f3rdoba - Estudio Jur\u00eddico en C\u00f3rdoba\",\"potentialAction\":[{\"@type\":\"SearchAction\",\"target\":{\"@type\":\"EntryPoint\",\"urlTemplate\":\"https:\\\/\\\/estudiocl.com\\\/inicio\\\/?s={search_term_string}\"},\"query-input\":{\"@type\":\"PropertyValueSpecification\",\"valueRequired\":true,\"valueName\":\"search_term_string\"}}],\"inLanguage\":\"es\"}]}<\/script>\n<!-- \/ Yoast SEO plugin. -->","yoast_head_json":{"title":"Accidentes de Tr\u00e1nsito - Especialistas - Estudio Lacl\u00e9","description":"Abogados Especialistas en Accidentes de Tr\u00e1nsito Tel\u00e9fono: (351) 6016629. Reclamos indemnizatorios por da\u00f1os f\u00edsicos y\/o materiales.","robots":{"index":"index","follow":"follow","max-snippet":"max-snippet:-1","max-image-preview":"max-image-preview:large","max-video-preview":"max-video-preview:-1"},"canonical":"https:\/\/estudiocl.com\/inicio\/portfolio\/accidentes-de-transito\/","og_locale":"es_ES","og_type":"article","og_title":"Accidentes de Tr\u00e1nsito - Especialistas - Estudio Lacl\u00e9","og_description":"Abogados Especialistas en Accidentes de Tr\u00e1nsito Tel\u00e9fono: (351) 6016629. Reclamos indemnizatorios por da\u00f1os f\u00edsicos y\/o materiales.","og_url":"https:\/\/estudiocl.com\/inicio\/portfolio\/accidentes-de-transito\/","og_site_name":"Abogados en C\u00f3rdoba","article_modified_time":"2023-08-07T22:35:35+00:00","og_image":[{"url":"https:\/\/estudiocl.com\/inicio\/wp-content\/uploads\/2022\/09\/abogados-accidentes-de-transito-notas.jpg","type":"","width":"","height":""}],"twitter_card":"summary_large_image","twitter_misc":{"Tiempo de lectura":"4 minutos"},"schema":{"@context":"https:\/\/schema.org","@graph":[{"@type":"WebPage","@id":"https:\/\/estudiocl.com\/inicio\/portfolio\/accidentes-de-transito\/","url":"https:\/\/estudiocl.com\/inicio\/portfolio\/accidentes-de-transito\/","name":"Accidentes de Tr\u00e1nsito - Especialistas - Estudio Lacl\u00e9","isPartOf":{"@id":"https:\/\/estudiocl.com\/inicio\/#website"},"primaryImageOfPage":{"@id":"https:\/\/estudiocl.com\/inicio\/portfolio\/accidentes-de-transito\/#primaryimage"},"image":{"@id":"https:\/\/estudiocl.com\/inicio\/portfolio\/accidentes-de-transito\/#primaryimage"},"thumbnailUrl":"https:\/\/estudiocl.com\/inicio\/wp-content\/uploads\/2022\/09\/abogados-accidentes-de-transito-notas.jpg","datePublished":"2013-07-04T12:40:02+00:00","dateModified":"2023-08-07T22:35:35+00:00","description":"Abogados Especialistas en Accidentes de Tr\u00e1nsito Tel\u00e9fono: (351) 6016629. Reclamos indemnizatorios por da\u00f1os f\u00edsicos y\/o materiales.","breadcrumb":{"@id":"https:\/\/estudiocl.com\/inicio\/portfolio\/accidentes-de-transito\/#breadcrumb"},"inLanguage":"es","potentialAction":[{"@type":"ReadAction","target":["https:\/\/estudiocl.com\/inicio\/portfolio\/accidentes-de-transito\/"]}]},{"@type":"ImageObject","inLanguage":"es","@id":"https:\/\/estudiocl.com\/inicio\/portfolio\/accidentes-de-transito\/#primaryimage","url":"https:\/\/estudiocl.com\/inicio\/wp-content\/uploads\/2022\/09\/abogados-accidentes-de-transito-notas.jpg","contentUrl":"https:\/\/estudiocl.com\/inicio\/wp-content\/uploads\/2022\/09\/abogados-accidentes-de-transito-notas.jpg","width":1080,"height":1080,"caption":"abogados accidentes de transito11"},{"@type":"BreadcrumbList","@id":"https:\/\/estudiocl.com\/inicio\/portfolio\/accidentes-de-transito\/#breadcrumb","itemListElement":[{"@type":"ListItem","position":1,"name":"Portada","item":"https:\/\/estudiocl.com\/inicio\/"},{"@type":"ListItem","position":2,"name":"Servicios","item":"https:\/\/estudiocl.com\/inicio\/portfolio\/"},{"@type":"ListItem","position":3,"name":"Accidentes de Tr\u00e1nsito"}]},{"@type":"WebSite","@id":"https:\/\/estudiocl.com\/inicio\/#website","url":"https:\/\/estudiocl.com\/inicio\/","name":"Abogados en C\u00f3rdoba","description":"Lacl\u00e9 Abogados en C\u00f3rdoba - Estudio Jur\u00eddico en C\u00f3rdoba","potentialAction":[{"@type":"SearchAction","target":{"@type":"EntryPoint","urlTemplate":"https:\/\/estudiocl.com\/inicio\/?s={search_term_string}"},"query-input":{"@type":"PropertyValueSpecification","valueRequired":true,"valueName":"search_term_string"}}],"inLanguage":"es"}]}},"_links":{"self":[{"href":"https:\/\/estudiocl.com\/inicio\/wp-json\/wp\/v2\/pages\/1877","targetHints":{"allow":["GET"]}}],"collection":[{"href":"https:\/\/estudiocl.com\/inicio\/wp-json\/wp\/v2\/pages"}],"about":[{"href":"https:\/\/estudiocl.com\/inicio\/wp-json\/wp\/v2\/types\/page"}],"author":[{"embeddable":true,"href":"https:\/\/estudiocl.com\/inicio\/wp-json\/wp\/v2\/users\/2"}],"replies":[{"embeddable":true,"href":"https:\/\/estudiocl.com\/inicio\/wp-json\/wp\/v2\/comments?post=1877"}],"version-history":[{"count":24,"href":"https:\/\/estudiocl.com\/inicio\/wp-json\/wp\/v2\/pages\/1877\/revisions"}],"predecessor-version":[{"id":4527,"href":"https:\/\/estudiocl.com\/inicio\/wp-json\/wp\/v2\/pages\/1877\/revisions\/4527"}],"up":[{"embeddable":true,"href":"https:\/\/estudiocl.com\/inicio\/wp-json\/wp\/v2\/pages\/9"}],"wp:attachment":[{"href":"https:\/\/estudiocl.com\/inicio\/wp-json\/wp\/v2\/media?parent=1877"}],"curies":[{"name":"wp","href":"https:\/\/api.w.org\/{rel}","templated":true}]}}