{"id":14,"date":"2011-07-14T19:47:05","date_gmt":"2011-07-14T19:47:05","guid":{"rendered":"http:\/\/estudiocl.com\/inicio\/contacts\/"},"modified":"2024-05-23T16:16:36","modified_gmt":"2024-05-23T19:16:36","slug":"contacts","status":"publish","type":"page","link":"https:\/\/estudiocl.com\/inicio\/contacts\/","title":{"rendered":"Contacto"},"content":{"rendered":"<h1>Contacto<\/h1>\n<h3>Cont\u00e1ctenos y le responderemos a la brevedad.<\/h3>\n<h3>27 de Abril 370, Piso 24 \"D\", Torre Angela, C\u00f3rdoba, Argentina, CP 5000.<\/h3>\n<h3>Tel\u00e9fono: <strong>+351 6016629 (recibimos whapp)<\/strong><\/h3>\n<h3>E-mail: contacto@estudiocl.com<\/h3>\n<h2><\/h2>\n<h1>Formulario de Contacto<\/h1>\n\n<div class=\"wpcf7 no-js\" id=\"wpcf7-f3033-o1\" lang=\"es-ES\" dir=\"ltr\" data-wpcf7-id=\"3033\">\n<div class=\"screen-reader-response\"><p role=\"status\" aria-live=\"polite\" aria-atomic=\"true\"><\/p> <ul><\/ul><\/div>\n<form action=\"\/inicio\/wp-json\/wp\/v2\/pages\/14#wpcf7-f3033-o1\" method=\"post\" class=\"wpcf7-form init\" aria-label=\"Formulario de contacto\" novalidate=\"novalidate\" data-status=\"init\">\n<fieldset class=\"hidden-fields-container\"><input type=\"hidden\" name=\"_wpcf7\" value=\"3033\" \/><input type=\"hidden\" name=\"_wpcf7_version\" value=\"6.1.6\" \/><input type=\"hidden\" name=\"_wpcf7_locale\" value=\"es_ES\" \/><input type=\"hidden\" name=\"_wpcf7_unit_tag\" value=\"wpcf7-f3033-o1\" \/><input type=\"hidden\" name=\"_wpcf7_container_post\" value=\"0\" \/><input type=\"hidden\" name=\"_wpcf7_posted_data_hash\" value=\"\" \/><input type=\"hidden\" name=\"_wpcf7_recaptcha_response\" value=\"\" \/>\n<\/fieldset>\n<font size=3 color=#000000> Nombre y Apellido\n<\/font>\n<p><span class=\"wpcf7-form-control-wrap\" data-name=\"your-name\"><input size=\"40\" maxlength=\"400\" class=\"wpcf7-form-control wpcf7-text wpcf7-validates-as-required\" aria-required=\"true\" aria-invalid=\"false\" value=\"\" type=\"text\" name=\"your-name\" \/><\/span>\n<\/p>\n<p>\n\t<font size=3 color=#000000> Mail\n\t<\/font>\n<\/p>\n<p><span class=\"wpcf7-form-control-wrap\" data-name=\"your-email\"><input size=\"40\" maxlength=\"400\" class=\"wpcf7-form-control wpcf7-email wpcf7-validates-as-required wpcf7-text wpcf7-validates-as-email\" aria-required=\"true\" aria-invalid=\"false\" value=\"\" type=\"email\" name=\"your-email\" \/><\/span>\n<\/p>\n<p>\n\t<font size=3 color=#000000> Tel\u00e9fono\n\t<\/font>\n<\/p>\n<p><span class=\"wpcf7-form-control-wrap\" data-name=\"telefono\"><input size=\"40\" maxlength=\"400\" class=\"wpcf7-form-control wpcf7-tel wpcf7-text wpcf7-validates-as-tel\" aria-invalid=\"false\" value=\"\" type=\"tel\" name=\"telefono\" \/><\/span>\n<\/p>\n<p>\n\t<font size=3 color=#000000> Consulta\n\t<\/font>\n<\/p>\n<p><span class=\"wpcf7-form-control-wrap\" data-name=\"your-message\"><textarea cols=\"40\" rows=\"10\" maxlength=\"2000\" class=\"wpcf7-form-control wpcf7-textarea\" aria-invalid=\"false\" name=\"your-message\"><\/textarea><\/span>\n<\/p>\n<p><input class=\"wpcf7-form-control wpcf7-submit has-spinner\" type=\"submit\" value=\"Enviar\" \/>\n<\/p><p style=\"display: none !important;\" class=\"akismet-fields-container\" data-prefix=\"_wpcf7_ak_\"><label>&#916;<textarea name=\"_wpcf7_ak_hp_textarea\" cols=\"45\" rows=\"8\" maxlength=\"100\"><\/textarea><\/label><input type=\"hidden\" id=\"ak_js_1\" name=\"_wpcf7_ak_js\" value=\"54\"\/><script type=\"text\/javascript\">\n\/* <![CDATA[ *\/\ndocument.getElementById( \"ak_js_1\" ).setAttribute( \"value\", ( new Date() ).getTime() );\n\/* ]]> *\/\n<\/script>\n<\/p><input type='hidden' class='wpcf7-pum' value='{\"closepopup\":false,\"closedelay\":0,\"openpopup\":true,\"openpopup_id\":2663}' \/><div class=\"wpcf7-response-output\" aria-hidden=\"true\"><\/div>\n<\/form>\n<\/div>\n\n<p><span style=\"vertical-align: inherit;\"><div class=\"google-map\"><iframe src=\"https:\/\/www.google.com\/maps\/embed?pb=!1m18!1m12!1m3!1d1702.4730625466668!2d-64.19064284210157!3d-31.41561039535109!2m3!1f0!2f0!3f0!3m2!1i1024!2i768!4f13.1!3m3!1m2!1s0x9432a28380a0222d%3A0x96de227a117242a9!2sLACL%C3%89%20-%20Abogados%20en%20C%C3%B3rdoba!5e0!3m2!1ses-419!2sar!4v1642681692273!5m2!1ses-419!2sar\" frameborder=\"0\" width=\"1200\" height=\"300\" marginwidth=\"0\" marginheight=\"0\" scrolling=\"no\"><\/iframe><\/div><\/span><\/p>\n<p>&nbsp;<\/p>\n","protected":false},"excerpt":{"rendered":"Contacto Cont\u00e1ctenos y le responderemos a la brevedad. 27 de Abril 370, Piso 24 \"D\", Torre Angela, C\u00f3rdoba, Argentina, CP 5000. Tel\u00e9fono: +351 6016629 (recibimos whapp) E-mail: contacto@estudiocl.com Formulario de Contacto &nbsp;","protected":false},"author":2,"featured_media":0,"parent":0,"menu_order":6,"comment_status":"open","ping_status":"closed","template":"page-fullwidth.php","meta":{"footnotes":""},"class_list":["post-14","page","type-page","status-publish","hentry"],"yoast_head":"<!-- This site is optimized with the Yoast SEO plugin v27.6 - https:\/\/yoast.com\/product\/yoast-seo-wordpress\/ -->\n<title>LACL\u00c9 I Abogados en C\u00f3rdoba I Tel. (351) 423 92 06 I www.estudiocl.com<\/title>\n<meta name=\"description\" content=\"Contacto I Obispo Trejo 219, piso 1, Of.104\/106, C\u00f3rdoba, Argentina I Tel: (351) 4239206 I consultas@estudiocl.com.ar I Abogados en C\u00f3rdoba.\" \/>\n<meta name=\"robots\" content=\"index, follow, max-snippet:-1, max-image-preview:large, max-video-preview:-1\" \/>\n<link rel=\"canonical\" href=\"https:\/\/estudiocl.com\/inicio\/contacts\/\" \/>\n<meta property=\"og:locale\" content=\"es_ES\" \/>\n<meta property=\"og:type\" content=\"article\" \/>\n<meta property=\"og:title\" content=\"LACL\u00c9 I Abogados en C\u00f3rdoba I Tel. (351) 423 92 06 I www.estudiocl.com\" \/>\n<meta property=\"og:description\" content=\"Contacto I Obispo Trejo 219, piso 1, Of.104\/106, C\u00f3rdoba, Argentina I Tel: (351) 4239206 I consultas@estudiocl.com.ar I Abogados en C\u00f3rdoba.\" \/>\n<meta property=\"og:url\" content=\"https:\/\/estudiocl.com\/inicio\/contacts\/\" \/>\n<meta property=\"og:site_name\" content=\"Abogados en C\u00f3rdoba\" \/>\n<meta property=\"article:modified_time\" content=\"2024-05-23T19:16:36+00:00\" \/>\n<meta name=\"twitter:card\" content=\"summary_large_image\" \/>\n<meta name=\"twitter:label1\" content=\"Tiempo de lectura\" \/>\n\t<meta name=\"twitter:data1\" content=\"1 minuto\" \/>\n<script type=\"application\/ld+json\" class=\"yoast-schema-graph\">{\"@context\":\"https:\\\/\\\/schema.org\",\"@graph\":[{\"@type\":\"WebPage\",\"@id\":\"https:\\\/\\\/estudiocl.com\\\/inicio\\\/contacts\\\/\",\"url\":\"https:\\\/\\\/estudiocl.com\\\/inicio\\\/contacts\\\/\",\"name\":\"LACL\u00c9 I Abogados en C\u00f3rdoba I Tel. (351) 423 92 06 I www.estudiocl.com\",\"isPartOf\":{\"@id\":\"https:\\\/\\\/estudiocl.com\\\/inicio\\\/#website\"},\"datePublished\":\"2011-07-14T19:47:05+00:00\",\"dateModified\":\"2024-05-23T19:16:36+00:00\",\"description\":\"Contacto I Obispo Trejo 219, piso 1, Of.104\\\/106, C\u00f3rdoba, Argentina I Tel: (351) 4239206 I consultas@estudiocl.com.ar I Abogados en C\u00f3rdoba.\",\"breadcrumb\":{\"@id\":\"https:\\\/\\\/estudiocl.com\\\/inicio\\\/contacts\\\/#breadcrumb\"},\"inLanguage\":\"es\",\"potentialAction\":[{\"@type\":\"ReadAction\",\"target\":[\"https:\\\/\\\/estudiocl.com\\\/inicio\\\/contacts\\\/\"]}]},{\"@type\":\"BreadcrumbList\",\"@id\":\"https:\\\/\\\/estudiocl.com\\\/inicio\\\/contacts\\\/#breadcrumb\",\"itemListElement\":[{\"@type\":\"ListItem\",\"position\":1,\"name\":\"Portada\",\"item\":\"https:\\\/\\\/estudiocl.com\\\/inicio\\\/\"},{\"@type\":\"ListItem\",\"position\":2,\"name\":\"Contacto\"}]},{\"@type\":\"WebSite\",\"@id\":\"https:\\\/\\\/estudiocl.com\\\/inicio\\\/#website\",\"url\":\"https:\\\/\\\/estudiocl.com\\\/inicio\\\/\",\"name\":\"Abogados en C\u00f3rdoba\",\"description\":\"Lacl\u00e9 Abogados en C\u00f3rdoba - Estudio Jur\u00eddico en C\u00f3rdoba\",\"potentialAction\":[{\"@type\":\"SearchAction\",\"target\":{\"@type\":\"EntryPoint\",\"urlTemplate\":\"https:\\\/\\\/estudiocl.com\\\/inicio\\\/?s={search_term_string}\"},\"query-input\":{\"@type\":\"PropertyValueSpecification\",\"valueRequired\":true,\"valueName\":\"search_term_string\"}}],\"inLanguage\":\"es\"}]}<\/script>\n<!-- \/ Yoast SEO plugin. -->","yoast_head_json":{"title":"LACL\u00c9 I Abogados en C\u00f3rdoba I Tel. (351) 423 92 06 I www.estudiocl.com","description":"Contacto I Obispo Trejo 219, piso 1, Of.104\/106, C\u00f3rdoba, Argentina I Tel: (351) 4239206 I consultas@estudiocl.com.ar I Abogados en C\u00f3rdoba.","robots":{"index":"index","follow":"follow","max-snippet":"max-snippet:-1","max-image-preview":"max-image-preview:large","max-video-preview":"max-video-preview:-1"},"canonical":"https:\/\/estudiocl.com\/inicio\/contacts\/","og_locale":"es_ES","og_type":"article","og_title":"LACL\u00c9 I Abogados en C\u00f3rdoba I Tel. (351) 423 92 06 I www.estudiocl.com","og_description":"Contacto I Obispo Trejo 219, piso 1, Of.104\/106, C\u00f3rdoba, Argentina I Tel: (351) 4239206 I consultas@estudiocl.com.ar I Abogados en C\u00f3rdoba.","og_url":"https:\/\/estudiocl.com\/inicio\/contacts\/","og_site_name":"Abogados en C\u00f3rdoba","article_modified_time":"2024-05-23T19:16:36+00:00","twitter_card":"summary_large_image","twitter_misc":{"Tiempo de lectura":"1 minuto"},"schema":{"@context":"https:\/\/schema.org","@graph":[{"@type":"WebPage","@id":"https:\/\/estudiocl.com\/inicio\/contacts\/","url":"https:\/\/estudiocl.com\/inicio\/contacts\/","name":"LACL\u00c9 I Abogados en C\u00f3rdoba I Tel. (351) 423 92 06 I www.estudiocl.com","isPartOf":{"@id":"https:\/\/estudiocl.com\/inicio\/#website"},"datePublished":"2011-07-14T19:47:05+00:00","dateModified":"2024-05-23T19:16:36+00:00","description":"Contacto I Obispo Trejo 219, piso 1, Of.104\/106, C\u00f3rdoba, Argentina I Tel: (351) 4239206 I consultas@estudiocl.com.ar I Abogados en C\u00f3rdoba.","breadcrumb":{"@id":"https:\/\/estudiocl.com\/inicio\/contacts\/#breadcrumb"},"inLanguage":"es","potentialAction":[{"@type":"ReadAction","target":["https:\/\/estudiocl.com\/inicio\/contacts\/"]}]},{"@type":"BreadcrumbList","@id":"https:\/\/estudiocl.com\/inicio\/contacts\/#breadcrumb","itemListElement":[{"@type":"ListItem","position":1,"name":"Portada","item":"https:\/\/estudiocl.com\/inicio\/"},{"@type":"ListItem","position":2,"name":"Contacto"}]},{"@type":"WebSite","@id":"https:\/\/estudiocl.com\/inicio\/#website","url":"https:\/\/estudiocl.com\/inicio\/","name":"Abogados en C\u00f3rdoba","description":"Lacl\u00e9 Abogados en C\u00f3rdoba - Estudio Jur\u00eddico en C\u00f3rdoba","potentialAction":[{"@type":"SearchAction","target":{"@type":"EntryPoint","urlTemplate":"https:\/\/estudiocl.com\/inicio\/?s={search_term_string}"},"query-input":{"@type":"PropertyValueSpecification","valueRequired":true,"valueName":"search_term_string"}}],"inLanguage":"es"}]}},"_links":{"self":[{"href":"https:\/\/estudiocl.com\/inicio\/wp-json\/wp\/v2\/pages\/14","targetHints":{"allow":["GET"]}}],"collection":[{"href":"https:\/\/estudiocl.com\/inicio\/wp-json\/wp\/v2\/pages"}],"about":[{"href":"https:\/\/estudiocl.com\/inicio\/wp-json\/wp\/v2\/types\/page"}],"author":[{"embeddable":true,"href":"https:\/\/estudiocl.com\/inicio\/wp-json\/wp\/v2\/users\/2"}],"replies":[{"embeddable":true,"href":"https:\/\/estudiocl.com\/inicio\/wp-json\/wp\/v2\/comments?post=14"}],"version-history":[{"count":16,"href":"https:\/\/estudiocl.com\/inicio\/wp-json\/wp\/v2\/pages\/14\/revisions"}],"predecessor-version":[{"id":4792,"href":"https:\/\/estudiocl.com\/inicio\/wp-json\/wp\/v2\/pages\/14\/revisions\/4792"}],"wp:attachment":[{"href":"https:\/\/estudiocl.com\/inicio\/wp-json\/wp\/v2\/media?parent=14"}],"curies":[{"name":"wp","href":"https:\/\/api.w.org\/{rel}","templated":true}]}}