{"id":1280,"date":"2012-10-23T09:26:11","date_gmt":"2012-10-23T09:26:11","guid":{"rendered":"http:\/\/estudiocl.com\/inicio\/portfolio\/portfolio-3\/"},"modified":"2021-07-22T12:01:08","modified_gmt":"2021-07-22T15:01:08","slug":"reparacion-historica","status":"publish","type":"page","link":"https:\/\/estudiocl.com\/inicio\/portfolio\/reparacion-historica\/","title":{"rendered":"Reparaci\u00f3n Hist\u00f3rica"},"content":{"rendered":"<p><span style=\"vertical-align: inherit;\"><\/p>\n<div class=\"mp-span12 motopress-clmn\"><\/div>\n<p><\/span><\/p>\n<h2 style=\"text-align: center;\">Reparaci\u00f3n Hist\u00f3rica: Abogados Registrados<\/h2>\n<h3><span style=\"vertical-align: inherit;\"><div class=\"sm_hr\"><\/div><!-- .sm_hr (end) --><\/span><\/h3>\n<h3 style=\"text-align: center;\">Gerente del \u00c1rea Abogado Reparaci\u00f3n Hist\u00f3rica:<\/h3>\n<h3 style=\"text-align: center;\"><strong><span style=\"vertical-align: inherit;\">Dr. Nicolas Leiva Dalmas<\/span><\/strong><\/h3>\n<h3><span style=\"vertical-align: inherit;\"><div class=\"sm_hr\"><\/div><!-- .sm_hr (end) --><\/span><\/h3>\n<p><span style=\"vertical-align: inherit;\"><div class=\"support-box\"><div class=\"row\"><span class=\"title span3\">Abogado Reparaci\u00f3n Hist\u00f3rica:<\/span><span class=\"phone span4\"><span class=\"phone-title\">llame al tel\u00e9fono:<\/span><span class=\"phone-num\">(351) 6016629<\/span><\/span><span class=\"span2\"><span class=\"operation-time\">Atenci\u00f3n Inmediata<\/span><\/span><a href=\"http:\/\/estudiocl.com\/inicio\/contacts\/\" class=\"link span3\"><span class=\"inner\"><strong>Turnos<\/strong><small><\/small><\/span><\/a><\/div><\/div> <div class=\"row \"><\/div><!-- .row (end) --> <div class=\"span12 \"><\/div><\/span><\/p>\n<h2><\/h2>\n<h2><span style=\"vertical-align: inherit;\">Formulario de Contacto \"abogado reparaci\u00f3n hist\u00f3rica\"<\/span><\/h2>\n\n<div class=\"wpcf7 no-js\" id=\"wpcf7-f3033-o1\" lang=\"es-ES\" dir=\"ltr\" data-wpcf7-id=\"3033\">\n<div class=\"screen-reader-response\"><p role=\"status\" aria-live=\"polite\" aria-atomic=\"true\"><\/p> <ul><\/ul><\/div>\n<form action=\"\/inicio\/wp-json\/wp\/v2\/pages\/1280#wpcf7-f3033-o1\" method=\"post\" class=\"wpcf7-form init\" aria-label=\"Formulario de contacto\" novalidate=\"novalidate\" data-status=\"init\">\n<fieldset class=\"hidden-fields-container\"><input type=\"hidden\" name=\"_wpcf7\" value=\"3033\" \/><input type=\"hidden\" name=\"_wpcf7_version\" value=\"6.1.6\" \/><input type=\"hidden\" name=\"_wpcf7_locale\" value=\"es_ES\" \/><input type=\"hidden\" name=\"_wpcf7_unit_tag\" value=\"wpcf7-f3033-o1\" \/><input type=\"hidden\" name=\"_wpcf7_container_post\" value=\"0\" \/><input type=\"hidden\" name=\"_wpcf7_posted_data_hash\" value=\"\" \/><input type=\"hidden\" name=\"_wpcf7_recaptcha_response\" value=\"\" \/>\n<\/fieldset>\n<font size=3 color=#000000> Nombre y Apellido\n<\/font>\n<p><span class=\"wpcf7-form-control-wrap\" data-name=\"your-name\"><input size=\"40\" maxlength=\"400\" class=\"wpcf7-form-control wpcf7-text wpcf7-validates-as-required\" aria-required=\"true\" aria-invalid=\"false\" value=\"\" type=\"text\" name=\"your-name\" \/><\/span>\n<\/p>\n<p>\n\t<font size=3 color=#000000> Mail\n\t<\/font>\n<\/p>\n<p><span class=\"wpcf7-form-control-wrap\" data-name=\"your-email\"><input size=\"40\" maxlength=\"400\" class=\"wpcf7-form-control wpcf7-email wpcf7-validates-as-required wpcf7-text wpcf7-validates-as-email\" aria-required=\"true\" aria-invalid=\"false\" value=\"\" type=\"email\" name=\"your-email\" \/><\/span>\n<\/p>\n<p>\n\t<font size=3 color=#000000> Tel\u00e9fono\n\t<\/font>\n<\/p>\n<p><span class=\"wpcf7-form-control-wrap\" data-name=\"telefono\"><input size=\"40\" maxlength=\"400\" class=\"wpcf7-form-control wpcf7-tel wpcf7-text wpcf7-validates-as-tel\" aria-invalid=\"false\" value=\"\" type=\"tel\" name=\"telefono\" \/><\/span>\n<\/p>\n<p>\n\t<font size=3 color=#000000> Consulta\n\t<\/font>\n<\/p>\n<p><span class=\"wpcf7-form-control-wrap\" data-name=\"your-message\"><textarea cols=\"40\" rows=\"10\" maxlength=\"2000\" class=\"wpcf7-form-control wpcf7-textarea\" aria-invalid=\"false\" name=\"your-message\"><\/textarea><\/span>\n<\/p>\n<p><input class=\"wpcf7-form-control wpcf7-submit has-spinner\" type=\"submit\" value=\"Enviar\" \/>\n<\/p><p style=\"display: none !important;\" class=\"akismet-fields-container\" data-prefix=\"_wpcf7_ak_\"><label>&#916;<textarea name=\"_wpcf7_ak_hp_textarea\" cols=\"45\" rows=\"8\" maxlength=\"100\"><\/textarea><\/label><input type=\"hidden\" id=\"ak_js_1\" name=\"_wpcf7_ak_js\" value=\"174\"\/><script type=\"text\/javascript\">\n\/* <![CDATA[ *\/\ndocument.getElementById( \"ak_js_1\" ).setAttribute( \"value\", ( new Date() ).getTime() );\n\/* ]]> *\/\n<\/script>\n<\/p><input type='hidden' class='wpcf7-pum' value='{\"closepopup\":false,\"closedelay\":0,\"openpopup\":true,\"openpopup_id\":2663}' \/><div class=\"wpcf7-response-output\" aria-hidden=\"true\"><\/div>\n<\/form>\n<\/div>\n\n<h2><span style=\"vertical-align: inherit;\"><div class=\"sm_hr\"><\/div><!-- .sm_hr (end) --><\/span><\/h2>\n<h2><a href=\"http:\/\/estudiocl.com\/inicio\/wp-content\/uploads\/2018\/05\/Abogados-REPARACI\u00d3N-HIST\u00d3RICA-1.pdf\"><span style=\"color: #ff6600;\">Descarga aqu\u00ed un <strong>instructivo<\/strong> de Reparaci\u00f3n Hist\u00f3rica.<\/span><\/a><\/h2>\n<h2><span style=\"vertical-align: inherit;\"><div class=\"sm_hr\"><\/div><!-- .sm_hr (end) --><\/span><\/h2>\n<h2><strong>\u00a0\u00bfQuer\u00e9s Saber M\u00e1s?<\/strong><\/h2>\n<div  class=\"mp-row-fluid motopress-row\">\n<div class=\"mp-span12 motopress-clmn\">\n<h1>Abogado Reparaci\u00f3n Hist\u00f3rica<\/h1>\n<h3>(LEY 27.260 - Programa Nacional de Reparaci\u00f3n Hist\u00f3rica para Jubilados y Pensionados)<\/h3>\n<h3>Todo <strong>jubilado o pensionado<\/strong>, que hizo aportes en su vida laboral puede PEDIR EL REAJUSTE DE SU JUBILACION O PENSION.<\/h3>\n<h3>La <strong>actualizaci\u00f3n<\/strong> se haber de la siguiente forma:<\/h3>\n<h3>Reajuste del haber de jubilaci\u00f3n o pensi\u00f3n que est\u00e9 percibiendo, HASTA UN 35%;<\/h3>\n<h3>Le pagar\u00e1n adem\u00e1s el <strong>RETROACTIVO<\/strong> desde la fecha de adhesi\u00f3n al programa de reparaci\u00f3n hist\u00f3rica;<\/h3>\n<h3><strong>Alcanza a TODOS los jubilados y pensionados que HICIERON APORTES EN SU VIDA LABORAL;<\/strong><\/h3>\n<h3>La propuesta de reajuste la har\u00e1 <strong>Anses<\/strong> via web, a partir del 1 de Septiembre de 2016 (durante dos a\u00f1os tendr\u00e1 tiempo para enviar la propuesta);<\/h3>\n<h3>Si la propuesta es aceptada por el jubilado o pensionado, se <strong>firmar\u00e1 un acuerdo<\/strong> con Anses en sede judicial con asistencia de un abogado particular;<\/h3>\n<h3>Tendr\u00e1n <strong>prioridad<\/strong> las personas que hayan cumplido los 80 a\u00f1os a partir de septiembre de 2016 y aquellos gravemente enfermos.<\/h3>\n<h2><strong>Preguntas Frecuentes \"abogado reparaci\u00f3n hist\u00f3rica\":<\/strong><\/h2>\n<ul>\n<li>\n<h2>\u00bfCu\u00e1l es la propuesta de pago de Anses a cada jubilado?<\/h2>\n<\/li>\n<\/ul>\n<h3>Un aumento inmediato del haber jubilatorio.<\/h3>\n<h3>El pago de un retroactivo, s\u00f3lo para los que iniciaron juicio antes del 31 de mayo de 2016.<\/h3>\n<ul>\n<li>\n<h2>Tengo aportes como aut\u00f3nomo y en relaci\u00f3n de dependencia, \u00bfme corresponde el reajuste?<\/h2>\n<\/li>\n<\/ul>\n<h3>S\u00ed, siempre y cuando los aportes aut\u00f3nomos sean superiores a los m\u00ednimos establecidos.<\/h3>\n<ul>\n<li>\n<h2>\u00bfCu\u00e1ndo empiezo a cobrar?<\/h2>\n<\/li>\n<\/ul>\n<h3>Al mes siguiente de firmado el acuerdo.<\/h3>\n<ul>\n<li>\n<h2>\u00bfDe cu\u00e1nto es la suba de la jubilaci\u00f3n?<\/h2>\n<\/li>\n<\/ul>\n<h3>Depende de cada caso. En promedio ser\u00e1:<\/h3>\n<h3>35 % para quien no hizo juicio<\/h3>\n<h3>50 % para quien s\u00ed lo hizo.<\/h3>\n<ul>\n<li>\n<h2>\u00bfSi estoy gravemente enfermo puedo pedir prioridad?<\/h2>\n<\/li>\n<\/ul>\n<h3>Si, tambi\u00e9n tienen prioridad:<\/h3>\n<h3>Mayores de 80 a\u00f1os<\/h3>\n<h3>Aquellos que deban recibir una actualizaci\u00f3n y \u00e9sta sea menor al 30 por ciento del haber m\u00ednimo ($1.1489) y que el haber ajustado no supere las dos m\u00ednimas y media ($12397).<\/h3>\n<ul>\n<li>\n<h2>\u00bfEs necesario ir a la Anses?<\/h2>\n<\/li>\n<\/ul>\n<h3>No, la negociaci\u00f3n es interactiva y s\u00f3lo habr\u00e1 que ir para firmar el acuerdo.<\/h3>\n<ul>\n<li>\n<h2>\u00bfSe paga retroactivo?<\/h2>\n<\/li>\n<\/ul>\n<h3>Depender\u00e1 de cada caso.<\/h3>\n<h3>Quienes tienen juicio con sentencia firme, cobrar\u00e1n retroactividades desde los dos a\u00f1os previos a la notificaci\u00f3n de la demanda de juicio a la Anses.<\/h3>\n<h3>Quienes tienen juicio sin sentencia firme, recibir\u00e1n hasta un tope de 48 meses de retroactividad.<\/h3>\n<h3>Quienes no hayan iniciado juicio, no cobrar\u00e1n retroactivo.<\/h3>\n<ul>\n<li>\n<h2>\u00bfC\u00f3mo cobro el retroactivo?<\/h2>\n<\/li>\n<\/ul>\n<h3>Cobrar\u00e1n la mitad del monto apenas firmen el acuerdo y la otra mitad, en 12 cuotas trimestrales (3 a\u00f1os).<\/h3>\n<ul>\n<li>\n<h2>\u00bfCon qu\u00e9 \u00edndice se van a actualizar las jubilaciones?<\/h2>\n<\/li>\n<\/ul>\n<h3>Las jubilaciones se van a actualizar siguiendo los criterios que estableci\u00f3 la Corte Suprema en sus fallos. Para quienes se jubilaron antes de 1993, por la Ley 18.037, los haberes se ajustar\u00e1n por el \u00edndice INGR (\u00cdndice General de las Remuneraciones). Se mantiene el mismo \u00edndice hasta marzo de 1995, luego se aplica el Ripte (Remuneraci\u00f3n Imponible Promedio de los Trabajadores Estables) hasta junio de 2008 y desde entonces, la movilidad actual (Ley 26.417). Para quienes se jubilaron por la ley actual (24.241) los haberes se ajustar\u00e1n con el Isbic (\u00cdndice de Salarios B\u00e1sicos de la Industria y Construcci\u00f3n) hasta marzo de 95, el Ripte hasta junio de 2008 y luego, la movilidad general.<\/h3>\n<ul>\n<li>\n<h2>\u00bfQu\u00e9 pasa si no acepto la propuesta?<\/h2>\n<\/li>\n<\/ul>\n<h3>No recibe el aumento, pero siempre puede iniciar juicio contra Anses y si ya lo tiene iniciado, podr\u00e1 continuarlo.<\/h3>\n<ul>\n<li>\n<h2>\u00bfQu\u00e9 pasa si acepto y firmo el acuerdo?<\/h2>\n<\/li>\n<\/ul>\n<h3>Ya no se podr\u00e1 iniciar juicio por esos per\u00edodos; pero, en caso de que en el futuro las actualizaciones que efect\u00fae Anses sean incorrectas, le quedar\u00e1 la posibilidad de iniciar juicio por el nuevo per\u00edodo.<\/h3>\n<ul>\n<li>\n<h2>Plazos<\/h2>\n<\/li>\n<\/ul>\n<h3>Tiene 3 a\u00f1os para considerar y aceptar la propuesta de Anses.<\/h3>\n<ul>\n<li>\n<h2>Yo me jubilar\u00e9 ahora<\/h2>\n<\/li>\n<\/ul>\n<h3>Anses calcular\u00e1 los nuevos haberes conforme a criterios actualizados, por lo que comenzar\u00e1 a cobrar lo establecido por la ley 27.260.<\/h3>\n<p><span style=\"vertical-align: inherit;\"><span style=\"vertical-align: inherit;\"><span style=\"vertical-align: inherit;\"><span style=\"vertical-align: inherit;\"><div class=\"sm_hr\"><\/div><!-- .sm_hr (end) --><\/span><\/span><\/span><\/span><\/p>\n<h3><span style=\"color: #ff0000;\"><a style=\"color: #ff0000;\" href=\"http:\/\/estudiocl.com\/inicio\/portfolio\/jubilaciones-y-pensiones\/\">Para conocer m\u00e1s sobre Jubilaciones y Pensiones haga clic aqu\u00ed<\/a><\/span><\/h3>\n<h3><a href=\"http:\/\/estudiocl.com\/inicio\/wp-content\/uploads\/2018\/05\/Abogados-REPARACI\u00d3N-HIST\u00d3RICA-1.pdf\"><span style=\"color: #ff6600;\">Descarga aqu\u00ed un <strong>instructivo<\/strong> de Reparaci\u00f3n Hist\u00f3rica.<\/span><\/a><\/h3>\n<div class=\"sm_hr\"><\/div><!-- .sm_hr (end) -->\n<p><span style=\"vertical-align: inherit;\"><div class=\"google-map\"><iframe src=\"https:\/\/www.google.com\/maps\/embed?pb=!1m18!1m12!1m3!1d3404.8818071851056!2d-64.18929639487541!3d-31.417382343009766!2m3!1f0!2f0!3f0!3m2!1i1024!2i768!4f13.1!3m3!1m2!1s0x9432a28380a0222d%3A0x96de227a117242a9!2sESTUDIO+CL+-+Cornavaca+%26+Leiva+Dalmas+-+Abogados+en+C%C3%B3rdoba!5e0!3m2!1ses!2sar!4v1525290715507\" frameborder=\"0\" width=\"1200\" height=\"300\" marginwidth=\"0\" marginheight=\"0\" scrolling=\"no\"><\/iframe><\/div><\/span><\/p>\n<h3>Lacl\u00e9 Abogados.\u00a0Abogado Reparaci\u00f3n Hist\u00f3rica.<\/h3>\n<h3>Jubilaciones. Pensiones. Reparaci\u00f3n Hist\u00f3rica.<\/h3>\n<h3>Los esperamos.<\/h3>\n<\/div>\n<\/div>\n","protected":false},"excerpt":{"rendered":"Reparaci\u00f3n Hist\u00f3rica: Abogados Registrados Gerente del \u00c1rea Abogado Reparaci\u00f3n Hist\u00f3rica: Dr. Nicolas Leiva Dalmas Formulario de Contacto \"abogado reparaci\u00f3n hist\u00f3rica\" Descarga aqu\u00ed un instructivo de Reparaci\u00f3n Hist\u00f3rica. \u00a0\u00bfQuer\u00e9s Saber M\u00e1s?","protected":false},"author":2,"featured_media":0,"parent":9,"menu_order":6,"comment_status":"open","ping_status":"closed","template":"page-fullwidth.php","meta":{"footnotes":""},"class_list":["post-1280","page","type-page","status-publish","hentry"],"yoast_head":"<!-- This site is optimized with the Yoast SEO plugin v27.6 - https:\/\/yoast.com\/product\/yoast-seo-wordpress\/ -->\n<title>Reparaci\u00f3n Hist\u00f3rica - Lacl\u00e9 Abogados en C\u00f3rdoba - Registrados en Anses<\/title>\n<meta name=\"description\" content=\"Estudio Lacl\u00e9 - Av. V\u00e9lez Sarsfield 84, Piso 1, Dpto. Ay B, C\u00f3rdoba. Tel. (0351) 6016629- Abogado Reparaci\u00f3n Hist\u00f3rica - Abogados registrados en Anses - Aumento a Jubilados y Pensionados - Diferencias de haberes jubilatorios - Tr\u00e1mites Previsionales - www.estudiocl.com\" \/>\n<meta name=\"robots\" content=\"index, follow, max-snippet:-1, max-image-preview:large, max-video-preview:-1\" \/>\n<link rel=\"canonical\" href=\"https:\/\/estudiocl.com\/inicio\/portfolio\/reparacion-historica\/\" \/>\n<meta property=\"og:locale\" content=\"es_ES\" \/>\n<meta property=\"og:type\" content=\"article\" \/>\n<meta property=\"og:title\" content=\"Reparaci\u00f3n Hist\u00f3rica - Lacl\u00e9 Abogados en C\u00f3rdoba - Registrados en Anses\" \/>\n<meta property=\"og:description\" content=\"Estudio Lacl\u00e9 - Av. V\u00e9lez Sarsfield 84, Piso 1, Dpto. Ay B, C\u00f3rdoba. Tel. (0351) 6016629- Abogado Reparaci\u00f3n Hist\u00f3rica - Abogados registrados en Anses - Aumento a Jubilados y Pensionados - Diferencias de haberes jubilatorios - Tr\u00e1mites Previsionales - www.estudiocl.com\" \/>\n<meta property=\"og:url\" content=\"https:\/\/estudiocl.com\/inicio\/portfolio\/reparacion-historica\/\" \/>\n<meta property=\"og:site_name\" content=\"Abogados en C\u00f3rdoba\" \/>\n<meta property=\"article:modified_time\" content=\"2021-07-22T15:01:08+00:00\" \/>\n<meta name=\"twitter:card\" content=\"summary_large_image\" \/>\n<meta name=\"twitter:label1\" content=\"Tiempo de lectura\" \/>\n\t<meta name=\"twitter:data1\" content=\"4 minutos\" \/>\n<script type=\"application\/ld+json\" class=\"yoast-schema-graph\">{\"@context\":\"https:\\\/\\\/schema.org\",\"@graph\":[{\"@type\":\"WebPage\",\"@id\":\"https:\\\/\\\/estudiocl.com\\\/inicio\\\/portfolio\\\/reparacion-historica\\\/\",\"url\":\"https:\\\/\\\/estudiocl.com\\\/inicio\\\/portfolio\\\/reparacion-historica\\\/\",\"name\":\"Reparaci\u00f3n Hist\u00f3rica - Lacl\u00e9 Abogados en C\u00f3rdoba - Registrados en Anses\",\"isPartOf\":{\"@id\":\"https:\\\/\\\/estudiocl.com\\\/inicio\\\/#website\"},\"datePublished\":\"2012-10-23T09:26:11+00:00\",\"dateModified\":\"2021-07-22T15:01:08+00:00\",\"description\":\"Estudio Lacl\u00e9 - Av. V\u00e9lez Sarsfield 84, Piso 1, Dpto. Ay B, C\u00f3rdoba. Tel. (0351) 6016629- Abogado Reparaci\u00f3n Hist\u00f3rica - Abogados registrados en Anses - Aumento a Jubilados y Pensionados - Diferencias de haberes jubilatorios - Tr\u00e1mites Previsionales - www.estudiocl.com\",\"breadcrumb\":{\"@id\":\"https:\\\/\\\/estudiocl.com\\\/inicio\\\/portfolio\\\/reparacion-historica\\\/#breadcrumb\"},\"inLanguage\":\"es\",\"potentialAction\":[{\"@type\":\"ReadAction\",\"target\":[\"https:\\\/\\\/estudiocl.com\\\/inicio\\\/portfolio\\\/reparacion-historica\\\/\"]}]},{\"@type\":\"BreadcrumbList\",\"@id\":\"https:\\\/\\\/estudiocl.com\\\/inicio\\\/portfolio\\\/reparacion-historica\\\/#breadcrumb\",\"itemListElement\":[{\"@type\":\"ListItem\",\"position\":1,\"name\":\"Portada\",\"item\":\"https:\\\/\\\/estudiocl.com\\\/inicio\\\/\"},{\"@type\":\"ListItem\",\"position\":2,\"name\":\"Servicios\",\"item\":\"https:\\\/\\\/estudiocl.com\\\/inicio\\\/portfolio\\\/\"},{\"@type\":\"ListItem\",\"position\":3,\"name\":\"Reparaci\u00f3n Hist\u00f3rica\"}]},{\"@type\":\"WebSite\",\"@id\":\"https:\\\/\\\/estudiocl.com\\\/inicio\\\/#website\",\"url\":\"https:\\\/\\\/estudiocl.com\\\/inicio\\\/\",\"name\":\"Abogados en C\u00f3rdoba\",\"description\":\"Lacl\u00e9 Abogados en C\u00f3rdoba - Estudio Jur\u00eddico en C\u00f3rdoba\",\"potentialAction\":[{\"@type\":\"SearchAction\",\"target\":{\"@type\":\"EntryPoint\",\"urlTemplate\":\"https:\\\/\\\/estudiocl.com\\\/inicio\\\/?s={search_term_string}\"},\"query-input\":{\"@type\":\"PropertyValueSpecification\",\"valueRequired\":true,\"valueName\":\"search_term_string\"}}],\"inLanguage\":\"es\"}]}<\/script>\n<!-- \/ Yoast SEO plugin. -->","yoast_head_json":{"title":"Reparaci\u00f3n Hist\u00f3rica - Lacl\u00e9 Abogados en C\u00f3rdoba - Registrados en Anses","description":"Estudio Lacl\u00e9 - Av. V\u00e9lez Sarsfield 84, Piso 1, Dpto. Ay B, C\u00f3rdoba. Tel. (0351) 6016629- Abogado Reparaci\u00f3n Hist\u00f3rica - Abogados registrados en Anses - Aumento a Jubilados y Pensionados - Diferencias de haberes jubilatorios - Tr\u00e1mites Previsionales - www.estudiocl.com","robots":{"index":"index","follow":"follow","max-snippet":"max-snippet:-1","max-image-preview":"max-image-preview:large","max-video-preview":"max-video-preview:-1"},"canonical":"https:\/\/estudiocl.com\/inicio\/portfolio\/reparacion-historica\/","og_locale":"es_ES","og_type":"article","og_title":"Reparaci\u00f3n Hist\u00f3rica - Lacl\u00e9 Abogados en C\u00f3rdoba - Registrados en Anses","og_description":"Estudio Lacl\u00e9 - Av. V\u00e9lez Sarsfield 84, Piso 1, Dpto. Ay B, C\u00f3rdoba. Tel. (0351) 6016629- Abogado Reparaci\u00f3n Hist\u00f3rica - Abogados registrados en Anses - Aumento a Jubilados y Pensionados - Diferencias de haberes jubilatorios - Tr\u00e1mites Previsionales - www.estudiocl.com","og_url":"https:\/\/estudiocl.com\/inicio\/portfolio\/reparacion-historica\/","og_site_name":"Abogados en C\u00f3rdoba","article_modified_time":"2021-07-22T15:01:08+00:00","twitter_card":"summary_large_image","twitter_misc":{"Tiempo de lectura":"4 minutos"},"schema":{"@context":"https:\/\/schema.org","@graph":[{"@type":"WebPage","@id":"https:\/\/estudiocl.com\/inicio\/portfolio\/reparacion-historica\/","url":"https:\/\/estudiocl.com\/inicio\/portfolio\/reparacion-historica\/","name":"Reparaci\u00f3n Hist\u00f3rica - Lacl\u00e9 Abogados en C\u00f3rdoba - Registrados en Anses","isPartOf":{"@id":"https:\/\/estudiocl.com\/inicio\/#website"},"datePublished":"2012-10-23T09:26:11+00:00","dateModified":"2021-07-22T15:01:08+00:00","description":"Estudio Lacl\u00e9 - Av. V\u00e9lez Sarsfield 84, Piso 1, Dpto. Ay B, C\u00f3rdoba. Tel. (0351) 6016629- Abogado Reparaci\u00f3n Hist\u00f3rica - Abogados registrados en Anses - Aumento a Jubilados y Pensionados - Diferencias de haberes jubilatorios - Tr\u00e1mites Previsionales - www.estudiocl.com","breadcrumb":{"@id":"https:\/\/estudiocl.com\/inicio\/portfolio\/reparacion-historica\/#breadcrumb"},"inLanguage":"es","potentialAction":[{"@type":"ReadAction","target":["https:\/\/estudiocl.com\/inicio\/portfolio\/reparacion-historica\/"]}]},{"@type":"BreadcrumbList","@id":"https:\/\/estudiocl.com\/inicio\/portfolio\/reparacion-historica\/#breadcrumb","itemListElement":[{"@type":"ListItem","position":1,"name":"Portada","item":"https:\/\/estudiocl.com\/inicio\/"},{"@type":"ListItem","position":2,"name":"Servicios","item":"https:\/\/estudiocl.com\/inicio\/portfolio\/"},{"@type":"ListItem","position":3,"name":"Reparaci\u00f3n Hist\u00f3rica"}]},{"@type":"WebSite","@id":"https:\/\/estudiocl.com\/inicio\/#website","url":"https:\/\/estudiocl.com\/inicio\/","name":"Abogados en C\u00f3rdoba","description":"Lacl\u00e9 Abogados en C\u00f3rdoba - Estudio Jur\u00eddico en C\u00f3rdoba","potentialAction":[{"@type":"SearchAction","target":{"@type":"EntryPoint","urlTemplate":"https:\/\/estudiocl.com\/inicio\/?s={search_term_string}"},"query-input":{"@type":"PropertyValueSpecification","valueRequired":true,"valueName":"search_term_string"}}],"inLanguage":"es"}]}},"_links":{"self":[{"href":"https:\/\/estudiocl.com\/inicio\/wp-json\/wp\/v2\/pages\/1280","targetHints":{"allow":["GET"]}}],"collection":[{"href":"https:\/\/estudiocl.com\/inicio\/wp-json\/wp\/v2\/pages"}],"about":[{"href":"https:\/\/estudiocl.com\/inicio\/wp-json\/wp\/v2\/types\/page"}],"author":[{"embeddable":true,"href":"https:\/\/estudiocl.com\/inicio\/wp-json\/wp\/v2\/users\/2"}],"replies":[{"embeddable":true,"href":"https:\/\/estudiocl.com\/inicio\/wp-json\/wp\/v2\/comments?post=1280"}],"version-history":[{"count":26,"href":"https:\/\/estudiocl.com\/inicio\/wp-json\/wp\/v2\/pages\/1280\/revisions"}],"predecessor-version":[{"id":4131,"href":"https:\/\/estudiocl.com\/inicio\/wp-json\/wp\/v2\/pages\/1280\/revisions\/4131"}],"up":[{"embeddable":true,"href":"https:\/\/estudiocl.com\/inicio\/wp-json\/wp\/v2\/pages\/9"}],"wp:attachment":[{"href":"https:\/\/estudiocl.com\/inicio\/wp-json\/wp\/v2\/media?parent=1280"}],"curies":[{"name":"wp","href":"https:\/\/api.w.org\/{rel}","templated":true}]}}